{"id":21777,"date":"2021-01-06T21:32:12","date_gmt":"2021-01-07T02:32:12","guid":{"rendered":"https:\/\/www.pacificadvent.com\/?page_id=21777"},"modified":"2022-02-03T03:52:23","modified_gmt":"2022-02-03T08:52:23","slug":"los-mejores-tours-en-bote-de-panama-playa-esnorquel","status":"publish","type":"page","link":"https:\/\/www.pacificadvent.com\/es\/los-mejores-tours-en-bote-de-panama-playa-esnorquel\/","title":{"rendered":"Los Mejores Tours en Bote de Panam\u00e1, Playa &#038; Esn\u00f3rquel"},"content":{"rendered":"\n<p>Ofrecemos el mejor servicio de Transporte en bote para Tours Recreativos, de Pesca Deportiva, Observaci\u00f3n de Aves, Avistamiento de Delfines y Ballenas en la Isla de Coiba &amp; Cebaco, Golfo de Montijo y Pedas\u00ed.<\/p>\n\n\n\n<p>Nos encontrar\u00e1 trazando rumbo hacia lugares muy especiales donde no hay multitudes, en donde las experiencias de viaje son aut\u00e9nticas e inolvidables, y donde estableces conexiones con la naturaleza, duraderas, \u00fanicas y personales.<\/p>\n\n\n\n<p>Tendr\u00e1s acceso a islas remotas que el tiempo olvid\u00f3, explorando lugares inolvidables, playas de arena blanca y paisajes impresionantes. Tenedr\u00e1s la oportunidad de ver aves marinas,  caminar entre cangrejos,  quienes le dar\u00e1n la bienvenida al llegar. Descubra un mundo \u00fanico que se ha mantenido pr\u00e1cticamente int\u00e1cto, durante siglos.<\/p>\n","protected":false},"excerpt":{"rendered":"<p>Ofrecemos el mejor servicio de Transporte en bote para Tours Recreativos, de Pesca Deportiva, Observaci\u00f3n de Aves, Avistamiento de Delfines y Ballenas en la Isla de Coiba &amp; Cebaco, Golfo de Montijo y Pedas\u00ed. Nos encontrar\u00e1 trazando rumbo hacia lugares muy especiales donde no hay multitudes, en donde las experiencias de viaje son aut\u00e9nticas e [&hellip;]<\/p>\n","protected":false},"author":1,"featured_media":21247,"parent":0,"menu_order":0,"comment_status":"closed","ping_status":"closed","template":"","meta":{"_monsterinsights_skip_tracking":false,"_monsterinsights_sitenote_active":false,"_monsterinsights_sitenote_note":"","_monsterinsights_sitenote_category":0,"_uf_show_specific_survey":0,"_uf_disable_surveys":false,"footnotes":""},"categories":[],"tags":[573,569,571,562,565,566,570,559,575],"class_list":["post-21777","page","type-page","status-publish","has-post-thumbnail","hentry","tag-alquiler-de-bote-panama","tag-destinos-turisticos-en-panama","tag-pesca-deportiva-en-panama","tag-pesca-en-panama","tag-pesca-inshore-panama","tag-pesca-offshore-en-panama","tag-pesca-riverena-panama","tag-tour-de-playa-esnorquel-panama","tag-turismo-en-panama"],"aioseo_notices":[],"_links":{"self":[{"href":"https:\/\/www.pacificadvent.com\/es\/wp-json\/wp\/v2\/pages\/21777","targetHints":{"allow":["GET"]}}],"collection":[{"href":"https:\/\/www.pacificadvent.com\/es\/wp-json\/wp\/v2\/pages"}],"about":[{"href":"https:\/\/www.pacificadvent.com\/es\/wp-json\/wp\/v2\/types\/page"}],"author":[{"embeddable":true,"href":"https:\/\/www.pacificadvent.com\/es\/wp-json\/wp\/v2\/users\/1"}],"replies":[{"embeddable":true,"href":"https:\/\/www.pacificadvent.com\/es\/wp-json\/wp\/v2\/comments?post=21777"}],"version-history":[{"count":0,"href":"https:\/\/www.pacificadvent.com\/es\/wp-json\/wp\/v2\/pages\/21777\/revisions"}],"wp:featuredmedia":[{"embeddable":true,"href":"https:\/\/www.pacificadvent.com\/es\/wp-json\/wp\/v2\/media\/21247"}],"wp:attachment":[{"href":"https:\/\/www.pacificadvent.com\/es\/wp-json\/wp\/v2\/media?parent=21777"}],"wp:term":[{"taxonomy":"category","embeddable":true,"href":"https:\/\/www.pacificadvent.com\/es\/wp-json\/wp\/v2\/categories?post=21777"},{"taxonomy":"post_tag","embeddable":true,"href":"https:\/\/www.pacificadvent.com\/es\/wp-json\/wp\/v2\/tags?post=21777"}],"curies":[{"name":"wp","href":"https:\/\/api.w.org\/{rel}","templated":true}]}}