{"id":24561,"date":"2022-10-09T11:45:00","date_gmt":"2022-10-09T16:45:00","guid":{"rendered":"https:\/\/www.pacificadvent.com\/?page_id=24561"},"modified":"2024-08-05T08:25:02","modified_gmt":"2024-08-05T13:25:02","slug":"viaje-a-panama-por-los-mejores-tours-en-bote-playa-naturaleza","status":"publish","type":"page","link":"https:\/\/www.pacificadvent.com\/es\/viaje-a-panama-por-los-mejores-tours-en-bote-playa-naturaleza\/","title":{"rendered":"Viaje a Panam\u00e1 por los Mejores Tours en Bote, Playa &#038; Naturaleza"},"content":{"rendered":"\n<p>Viaje a Panam\u00e1 y disfrute del mejor servicio de Transporte en bote para Tours Recreativos, de Pesca Deportiva, Observaci\u00f3n de Aves, Avistamiento de Delfines y Ballenas en la Isla de Coiba &amp; Cebaco, Golfo de Montijo y Pedas\u00ed.<\/p>\n\n\n\n<p>Nos encontrar\u00e1 trazando rumbo hacia lugares muy especiales donde no hay multitudes, en donde las experiencias de viaje son aut\u00e9nticas e inolvidables, y donde estableces conexiones con la naturaleza, duraderas, \u00fanicas y personales.<\/p>\n\n\n\n<p>Tendr\u00e1s acceso a islas remotas que el tiempo olvid\u00f3, explorando lugares inolvidables, playas de arena blanca y paisajes impresionantes. Tenedr\u00e1s la oportunidad de ver aves marinas,  caminar entre cangrejos,  quienes le dar\u00e1n la bienvenida al llegar. Descubra un mundo \u00fanico que se ha mantenido pr\u00e1cticamente int\u00e1cto, durante siglos.<\/p>\n\n\n\n<p>No es el destino, es el viaje en buena compa\u00f1\u00eda, nuestra tripulaci\u00f3n es m\u00e1s que un simple gu\u00eda, entendemos la diferencia entre un viaje y una experiencia regenerativa de por vida, la diferencia entre lo ordinario y lo extraordinario, algo para transformarte en un nuevo ser humano. Hacer nuevos amigos y conectarse con las comunidades locales y el patrimonio natural circundante reavivar\u00e1 su esp\u00edritu de descubrimiento y aventura. Te invitamos a buscar est\u00edmulo, pertenencia y sentido en Panam\u00e1, te invitamos a \u201cVivir por M\u00e1s\u201d.<\/p>\n","protected":false},"excerpt":{"rendered":"<p>Viaje a Panam\u00e1 y disfrute del mejor servicio de Transporte en bote para Tours Recreativos, de Pesca Deportiva, Observaci\u00f3n de Aves, Avistamiento de Delfines y Ballenas en la Isla de Coiba &amp; Cebaco, Golfo de Montijo y Pedas\u00ed. Nos encontrar\u00e1 trazando rumbo hacia lugares muy especiales donde no hay multitudes, en donde las experiencias de [&hellip;]<\/p>\n","protected":false},"author":1,"featured_media":21247,"parent":0,"menu_order":0,"comment_status":"closed","ping_status":"closed","template":"","meta":{"_monsterinsights_skip_tracking":false,"_monsterinsights_sitenote_active":false,"_monsterinsights_sitenote_note":"","_monsterinsights_sitenote_category":0,"_uf_show_specific_survey":0,"_uf_disable_surveys":false,"footnotes":""},"categories":[],"tags":[573,569,571,562,565,566,570,559,575],"class_list":["post-24561","page","type-page","status-publish","has-post-thumbnail","hentry","tag-alquiler-de-bote-panama","tag-destinos-turisticos-en-panama","tag-pesca-deportiva-en-panama","tag-pesca-en-panama","tag-pesca-inshore-panama","tag-pesca-offshore-en-panama","tag-pesca-riverena-panama","tag-tour-de-playa-esnorquel-panama","tag-turismo-en-panama"],"aioseo_notices":[],"_links":{"self":[{"href":"https:\/\/www.pacificadvent.com\/es\/wp-json\/wp\/v2\/pages\/24561","targetHints":{"allow":["GET"]}}],"collection":[{"href":"https:\/\/www.pacificadvent.com\/es\/wp-json\/wp\/v2\/pages"}],"about":[{"href":"https:\/\/www.pacificadvent.com\/es\/wp-json\/wp\/v2\/types\/page"}],"author":[{"embeddable":true,"href":"https:\/\/www.pacificadvent.com\/es\/wp-json\/wp\/v2\/users\/1"}],"replies":[{"embeddable":true,"href":"https:\/\/www.pacificadvent.com\/es\/wp-json\/wp\/v2\/comments?post=24561"}],"version-history":[{"count":0,"href":"https:\/\/www.pacificadvent.com\/es\/wp-json\/wp\/v2\/pages\/24561\/revisions"}],"wp:featuredmedia":[{"embeddable":true,"href":"https:\/\/www.pacificadvent.com\/es\/wp-json\/wp\/v2\/media\/21247"}],"wp:attachment":[{"href":"https:\/\/www.pacificadvent.com\/es\/wp-json\/wp\/v2\/media?parent=24561"}],"wp:term":[{"taxonomy":"category","embeddable":true,"href":"https:\/\/www.pacificadvent.com\/es\/wp-json\/wp\/v2\/categories?post=24561"},{"taxonomy":"post_tag","embeddable":true,"href":"https:\/\/www.pacificadvent.com\/es\/wp-json\/wp\/v2\/tags?post=24561"}],"curies":[{"name":"wp","href":"https:\/\/api.w.org\/{rel}","templated":true}]}}