{"id":24767,"date":"2023-04-23T17:24:20","date_gmt":"2023-04-23T22:24:20","guid":{"rendered":"https:\/\/www.pacificadvent.com\/?page_id=24767"},"modified":"2023-04-23T18:34:27","modified_gmt":"2023-04-23T23:34:27","slug":"enganchate-pescar-en-panama-es-una-aventura-exitante","status":"publish","type":"page","link":"https:\/\/www.pacificadvent.com\/es\/enganchate-pescar-en-panama-es-una-aventura-exitante\/","title":{"rendered":"Eng\u00e1nchate, Pescar en Panam\u00e1 es una Aventura Exitante"},"content":{"rendered":"\n<h2 class=\"wp-block-heading\">Pesca Deportiva en Panam\u00e1, La Joya Tropical Secreta <\/h2>\n\n\n\n<p>La pesca deportiva es una de las actividades m\u00e1s populares entre los turistas que visitan Centroam\u00e9rica, \u00a1y es el mejor lugar que <a href=\"https:\/\/www.pacificadvent.com\/es\/pesca-deportiva-en-panama\/\" target=\"_blank\" rel=\"noopener\" title=\"\">Panam\u00e1<\/a> para disfrutarlo! Con su extensa variedad de vida marina, aguas cristalinas e impresionantes paisajes tropicales, este pa\u00eds se ha convertido r\u00e1pidamente en uno de los principales destinos para los pescadores de todo el mundo, que buscan pescar grandes piezas como marlines, vela o atunes de aleta amarilla.<\/p>\n\n\n\n<p>Para un pescador experimentado o si eres un entusiasta, aqu\u00ed hay algo para todos, en lo que a oportunidades de pesca deportiva se refiere. Panam\u00e1 lo tiene todo, desde destinos de categor\u00eda mundial como el <a href=\"https:\/\/www.pacificadvent.com\/es\/coiba-un-laboratorio-viviente\/\" target=\"_blank\" rel=\"noopener\" title=\"\">Parque Nacional de Coiba<\/a> y el Golfo de Montijo hasta el Golfo de Chiriqu\u00ed. La aventura contin\u00faa en la renombrada Costa del At\u00fan en Pedas\u00ed, Azuero.<\/p>\n\n\n\n<p>Pero la pesca deportiva en Panam\u00e1 no consiste s\u00f3lo en capturar peces, sino tambi\u00e9n en preservarlos para que los disfruten las generaciones futuras. Por eso los esfuerzos de conservaci\u00f3n son tan importantes cuando se trata de pr\u00e1cticas de pesca deportiva sostenibles.<\/p>\n\n\n\n<p>Si busca una aventura inolvidable que combine adrenalina y conservaci\u00f3n, \u00a1no busque m\u00e1s all\u00e1 de la <a href=\"https:\/\/www.pacificadvent.com\/es\/pescar-en-panama\/\" target=\"_blank\" rel=\"noopener\" title=\"\">pesca deportiva en Panam\u00e1<\/a>!<\/p>\n\n\n\n<p>Reserve ahora y cree recuerdos inolvidables para toda la vida!<\/p>\n","protected":false},"excerpt":{"rendered":"<p>Pesca Deportiva en Panam\u00e1, La Joya Tropical Secreta La pesca deportiva es una de las actividades m\u00e1s populares entre los turistas que visitan Centroam\u00e9rica, \u00a1y es el mejor lugar que Panam\u00e1 para disfrutarlo! Con su extensa variedad de vida marina, aguas cristalinas e impresionantes paisajes tropicales, este pa\u00eds se ha convertido r\u00e1pidamente en uno de [&hellip;]<\/p>\n","protected":false},"author":1,"featured_media":24536,"parent":0,"menu_order":0,"comment_status":"closed","ping_status":"closed","template":"","meta":{"_monsterinsights_skip_tracking":false,"_monsterinsights_sitenote_active":false,"_monsterinsights_sitenote_note":"","_monsterinsights_sitenote_category":0,"_uf_show_specific_survey":0,"_uf_disable_surveys":false,"footnotes":""},"categories":[],"tags":[573,395,591,285,177,183,178,562,565,566,570,576,575],"class_list":["post-24767","page","type-page","status-publish","has-post-thumbnail","hentry","tag-alquiler-de-bote-panama","tag-fishing-panama","tag-panama","tag-panama-boat-rental","tag-panama-inshore-fishing","tag-panama-offshore-fishing","tag-panama-river-fishing","tag-pesca-en-panama","tag-pesca-inshore-panama","tag-pesca-offshore-en-panama","tag-pesca-riverena-panama","tag-tourism-in-panama","tag-turismo-en-panama"],"aioseo_notices":[],"_links":{"self":[{"href":"https:\/\/www.pacificadvent.com\/es\/wp-json\/wp\/v2\/pages\/24767","targetHints":{"allow":["GET"]}}],"collection":[{"href":"https:\/\/www.pacificadvent.com\/es\/wp-json\/wp\/v2\/pages"}],"about":[{"href":"https:\/\/www.pacificadvent.com\/es\/wp-json\/wp\/v2\/types\/page"}],"author":[{"embeddable":true,"href":"https:\/\/www.pacificadvent.com\/es\/wp-json\/wp\/v2\/users\/1"}],"replies":[{"embeddable":true,"href":"https:\/\/www.pacificadvent.com\/es\/wp-json\/wp\/v2\/comments?post=24767"}],"version-history":[{"count":0,"href":"https:\/\/www.pacificadvent.com\/es\/wp-json\/wp\/v2\/pages\/24767\/revisions"}],"wp:featuredmedia":[{"embeddable":true,"href":"https:\/\/www.pacificadvent.com\/es\/wp-json\/wp\/v2\/media\/24536"}],"wp:attachment":[{"href":"https:\/\/www.pacificadvent.com\/es\/wp-json\/wp\/v2\/media?parent=24767"}],"wp:term":[{"taxonomy":"category","embeddable":true,"href":"https:\/\/www.pacificadvent.com\/es\/wp-json\/wp\/v2\/categories?post=24767"},{"taxonomy":"post_tag","embeddable":true,"href":"https:\/\/www.pacificadvent.com\/es\/wp-json\/wp\/v2\/tags?post=24767"}],"curies":[{"name":"wp","href":"https:\/\/api.w.org\/{rel}","templated":true}]}}