{"id":24798,"date":"2023-04-23T19:56:42","date_gmt":"2023-04-24T00:56:42","guid":{"rendered":"https:\/\/www.pacificadvent.com\/?page_id=24798"},"modified":"2023-05-07T18:07:16","modified_gmt":"2023-05-07T23:07:16","slug":"conmovedor-avistamiento-de-ballenas-y-delfines-en-panama","status":"publish","type":"page","link":"https:\/\/www.pacificadvent.com\/es\/conmovedor-avistamiento-de-ballenas-y-delfines-en-panama\/","title":{"rendered":"Conmovedor: Avistamiento de Ballenas y Delfines en Panam\u00e1"},"content":{"rendered":"\n<h2 class=\"wp-block-heading\">Panam\u00e1 es el Mejor Destino Sostenible para Observar Ballenas Jorobadas y Delfines<\/h2>\n\n\n\n<p>Panam\u00e1 es un pa\u00eds peque\u00f1o con muchas maravillas, desde sus exuberantes selvas tropicales hasta sus resplandecientes playas paradisiacas. Sin duda, una de las experiencias m\u00e1s tiernas y conmovedoras que se puedes vivir en este para\u00edso centroamericano es participar en un inolvidable <a href=\"https:\/\/www.pacificadvent.com\/es\/avistamiento-ballenas-panama\/\" target=\"_blank\" rel=\"noopener\" title=\"\">safari fotogr\u00e1fico de avistamiento de ballenas y delfines<\/a>.<\/p>\n\n\n\n<h3 class=\"wp-block-heading\">Parque Nacional Coiba, Pedas\u00ed, Golfo de Montijo, Santa Catalina e Isla C\u00e9baco son algunos de sus lugares preferidos en Panam\u00e1.<\/h3>\n\n\n\n<p>Imag\u00ednese estar en mar abierto, rodeado de estas majestuosas criaturas mientras saltan fuera del agua y juegan en su h\u00e1bitat natural. Es una experiencia que le acompa\u00f1ar\u00e1 toda la vida. En estas excursiones nuestra tripulaci\u00f3n le explicar\u00e1 qu\u00e9 hace de <a href=\"https:\/\/www.pacificadvent.com\/es\/los-5-mejores-destinos-para-el-avistamiento-de-ballenas-en-panama\/\" target=\"_blank\" rel=\"noopener\" title=\"\">Panam\u00e1<\/a> un destino tan incre\u00edble para el avistamiento de ballenas y delfines, y le dar\u00e1 algunos consejos para sacar el m\u00e1ximo partido a su aventura.<\/p>\n\n\n\n<p>Todos los a\u00f1os, de julio a octubre es la temporada, cuando llega el invierno austral en Chile, las ballenas jorobadas abandonan el oc\u00e9ano Ant\u00e1rtico, para dirigirse a las c\u00e1lidas aguas de la costa de Panam\u00e1, donde encuentran excelentes condiciones y protecci\u00f3n para su reproducci\u00f3n, dar a luz a sus cr\u00edas y ense\u00f1arles a sobrevivir en las primeras semanas.  <\/p>\n\n\n\n<h3 class=\"wp-block-heading\">Las ballenas jorobadas son conocidas por sus misteriosos y mel\u00f3dicos cantos, y por saltar fuera del agua con impresionante habilidad acrob\u00e1tica.<\/h3>\n\n\n\n<p>Si busca la aventura de su vida, un inolvidable safari fotogr\u00e1fico de <a href=\"https:\/\/www.pacificadvent.com\/es\/avistamiento-de-delfines-y-ballenas-en-panama\/\" target=\"_blank\" rel=\"noopener\" title=\"\">avistamiento de ballenas<\/a> y delfines en Panam\u00e1 es una experiencia que no debe perderse. Desde los impresionantes paisajes hasta nuestra asombrosa biodiversidad, sumado a gu\u00edas expertos. Nuestras excursiones ofrecen todo lo que necesita para vivir una experiencia memorable. As\u00ed que haga las maletas y dir\u00edjase a Panam\u00e1 para disfrutar de un viaje inolvidable que le acompa\u00f1ar\u00e1 por siempre. <\/p>\n\n\n\n<p>No olvides traer tu c\u00e1mara, ya que querr\u00e1 capturar cada momento de esta emocionante excursi\u00f3n. Con tanta belleza natural a su alrededor, no hay duda de que este safari dejar\u00e1 una impresi\u00f3n duradera tanto en su coraz\u00f3n como en su mente. <\/p>\n\n\n\n<p>Reserve ahora y prep\u00e1rese para una aventura sin igual.<\/p>\n","protected":false},"excerpt":{"rendered":"<p>Panam\u00e1 es el Mejor Destino Sostenible para Observar Ballenas Jorobadas y Delfines Panam\u00e1 es un pa\u00eds peque\u00f1o con muchas maravillas, desde sus exuberantes selvas tropicales hasta sus resplandecientes playas paradisiacas. Sin duda, una de las experiencias m\u00e1s tiernas y conmovedoras que se puedes vivir en este para\u00edso centroamericano es participar en un inolvidable safari fotogr\u00e1fico [&hellip;]<\/p>\n","protected":false},"author":1,"featured_media":21623,"parent":0,"menu_order":0,"comment_status":"closed","ping_status":"closed","template":"","meta":{"_monsterinsights_skip_tracking":false,"_monsterinsights_sitenote_active":false,"_monsterinsights_sitenote_note":"","_monsterinsights_sitenote_category":0,"_uf_show_specific_survey":0,"_uf_disable_surveys":false,"footnotes":""},"categories":[],"tags":[573,574,591,285,576,575,405],"class_list":["post-24798","page","type-page","status-publish","has-post-thumbnail","hentry","tag-alquiler-de-bote-panama","tag-avistamiento-de-cetaceos-panama","tag-panama","tag-panama-boat-rental","tag-tourism-in-panama","tag-turismo-en-panama","tag-whale-watching-panama"],"aioseo_notices":[],"_links":{"self":[{"href":"https:\/\/www.pacificadvent.com\/es\/wp-json\/wp\/v2\/pages\/24798","targetHints":{"allow":["GET"]}}],"collection":[{"href":"https:\/\/www.pacificadvent.com\/es\/wp-json\/wp\/v2\/pages"}],"about":[{"href":"https:\/\/www.pacificadvent.com\/es\/wp-json\/wp\/v2\/types\/page"}],"author":[{"embeddable":true,"href":"https:\/\/www.pacificadvent.com\/es\/wp-json\/wp\/v2\/users\/1"}],"replies":[{"embeddable":true,"href":"https:\/\/www.pacificadvent.com\/es\/wp-json\/wp\/v2\/comments?post=24798"}],"version-history":[{"count":5,"href":"https:\/\/www.pacificadvent.com\/es\/wp-json\/wp\/v2\/pages\/24798\/revisions"}],"predecessor-version":[{"id":24894,"href":"https:\/\/www.pacificadvent.com\/es\/wp-json\/wp\/v2\/pages\/24798\/revisions\/24894"}],"wp:featuredmedia":[{"embeddable":true,"href":"https:\/\/www.pacificadvent.com\/es\/wp-json\/wp\/v2\/media\/21623"}],"wp:attachment":[{"href":"https:\/\/www.pacificadvent.com\/es\/wp-json\/wp\/v2\/media?parent=24798"}],"wp:term":[{"taxonomy":"category","embeddable":true,"href":"https:\/\/www.pacificadvent.com\/es\/wp-json\/wp\/v2\/categories?post=24798"},{"taxonomy":"post_tag","embeddable":true,"href":"https:\/\/www.pacificadvent.com\/es\/wp-json\/wp\/v2\/tags?post=24798"}],"curies":[{"name":"wp","href":"https:\/\/api.w.org\/{rel}","templated":true}]}}