{"id":24843,"date":"2023-04-24T21:23:47","date_gmt":"2023-04-25T02:23:47","guid":{"rendered":"https:\/\/www.pacificadvent.com\/?page_id=24843"},"modified":"2023-04-24T22:03:43","modified_gmt":"2023-04-25T03:03:43","slug":"tours-gastronomicos-en-los-manglares-de-panama","status":"publish","type":"page","link":"https:\/\/www.pacificadvent.com\/es\/tours-gastronomicos-en-los-manglares-de-panama\/","title":{"rendered":"Tours Gastron\u00f3micos en los Manglares de Panam\u00e1"},"content":{"rendered":"\n<h2 class=\"wp-block-heading\">Un Viaje por los Manglares del Golfo de Montijo<\/h2>\n\n\n\n<p>Visitar las joyas ocultas de Panam\u00e1, como el <a href=\"https:\/\/www.pacificadvent.com\/es\/increible-dia-de-playa-y-manglares-golfo-de-montijo\/\" target=\"_blank\" rel=\"noopener\" title=\"\">Golfo de Montijo<\/a>, donde los manglares rebosantes de vida y los tours gastron\u00f3micos son la forma perfecta de experimentar las maravillas naturales de Panam\u00e1, al tiempo que se apoya a las comunidades locales.<\/p>\n\n\n\n<p>Temprano navegaremos por el r\u00edo a trav\u00e9s de una franja pr\u00edstina de bosque de manglar <a href=\"https:\/\/www.ramsar.org\/es\/humedal\/panama\" target=\"_blank\" rel=\"noopener\" title=\"\">RAMSAR<\/a> que se extiende a lo largo de 97 mil hect\u00e1reas y alberga algunas de las especies de flora y fauna m\u00e1s fant\u00e1sticas de Panam\u00e1. Cada seis horas, esta regi\u00f3n ribere\u00f1a inunda sus orillas, esculpe nuevos afluentes y luego se retira para dejar al descubierto las ra\u00edces de los manglares y vastas porciones de lodo enriquecido.<\/p>\n\n\n\n<p>Navega con nosotros y le llevaremos al coraz\u00f3n de la naturaleza salvaje de Panam\u00e1, donde podr\u00e1 hacer sus auto descubrimientos y conectar con lo que te rodea. <\/p>\n\n\n\n<h3 class=\"wp-block-heading\">Golfo de Montijo ofrece una experiencia \u00fanica y envolvente que combina esfuerzos de conservaci\u00f3n y naturaleza, con delicias culinarias.<\/h3>\n\n\n\n<p>Te embarcar\u00e1s para alimentar tu alma siendo testigo de primera mano de c\u00f3mo las organizaciones locales, con el apoyo de la <a href=\"https:\/\/marviva.net\/\" target=\"_blank\" rel=\"noopener\" title=\"\">Fundaci\u00f3n MarViva<\/a>, Pacific Adventure Tours y viajeros como t\u00fa, han estado apoyando a una red de mujeres l\u00edderes locales, conocidas como &#8220;Las Aventureras&#8221;, para empoderar a sus comunidades a lo largo del Golfo de Montijo.<\/p>\n\n\n\n<p>Estos tours no s\u00f3lo brindan te brindan la oportunidad de explorar la belleza de los manglares, sino que tambi\u00e9n conversamos sobre la importancia de preservar este fr\u00e1gil ecosistema. Adem\u00e1s, deleitarse con las delicias locales al tiempo que se apoyan pr\u00e1cticas de turismo sostenible es una experiencia realmente enriquecedora.<\/p>\n\n\n\n<h2 class=\"wp-block-heading\">La Importancia de los Manglares del Golfo de Montijo<\/h2>\n\n\n\n<p>Los manglares son ecosistemas vitales que sirven de barrera natural contra la erosi\u00f3n costera y protegen a las comunidades de las tempestades. Tambi\u00e9n sirven de h\u00e1bitat a diversas especies marinas, como peces y cangrejos, que sustentan la industria pesquera local. <\/p>\n\n\n\n<p>Las excursiones educan a los visitantes en estos aspectos cruciales, al tiempo que les brindan la oportunidad de degustar la cocina tradicional paname\u00f1a elaborada con ingredientes y manos local. As\u00ed se fomenta el turismo sostenible, apoyando a los peque\u00f1os pescadores y reduciendo las emisiones de carbono causadas por la importaci\u00f3n de productos alimentarios.<\/p>\n\n\n\n<p>Si est\u00e1 planeando un viaje a Panam\u00e1, le recomendamos encarecidamente que a\u00f1ada estos tours a su itinerario, para vivir una aventura inolvidable. Al elegir opciones de turismo sostenible como estas excursiones, puedes contribuir a proteger nuestro planeta mientras disfrutas de sus maravillas naturales.<\/p>\n","protected":false},"excerpt":{"rendered":"<p>Un Viaje por los Manglares del Golfo de Montijo Visitar las joyas ocultas de Panam\u00e1, como el Golfo de Montijo, donde los manglares rebosantes de vida y los tours gastron\u00f3micos son la forma perfecta de experimentar las maravillas naturales de Panam\u00e1, al tiempo que se apoya a las comunidades locales. Temprano navegaremos por el r\u00edo [&hellip;]<\/p>\n","protected":false},"author":1,"featured_media":24602,"parent":0,"menu_order":0,"comment_status":"closed","ping_status":"closed","template":"","meta":{"_monsterinsights_skip_tracking":false,"_monsterinsights_sitenote_active":false,"_monsterinsights_sitenote_note":"","_monsterinsights_sitenote_category":0,"_uf_show_specific_survey":0,"_uf_disable_surveys":false,"footnotes":""},"categories":[],"tags":[573,574,575],"class_list":["post-24843","page","type-page","status-publish","has-post-thumbnail","hentry","tag-alquiler-de-bote-panama","tag-avistamiento-de-cetaceos-panama","tag-turismo-en-panama"],"aioseo_notices":[],"_links":{"self":[{"href":"https:\/\/www.pacificadvent.com\/es\/wp-json\/wp\/v2\/pages\/24843","targetHints":{"allow":["GET"]}}],"collection":[{"href":"https:\/\/www.pacificadvent.com\/es\/wp-json\/wp\/v2\/pages"}],"about":[{"href":"https:\/\/www.pacificadvent.com\/es\/wp-json\/wp\/v2\/types\/page"}],"author":[{"embeddable":true,"href":"https:\/\/www.pacificadvent.com\/es\/wp-json\/wp\/v2\/users\/1"}],"replies":[{"embeddable":true,"href":"https:\/\/www.pacificadvent.com\/es\/wp-json\/wp\/v2\/comments?post=24843"}],"version-history":[{"count":4,"href":"https:\/\/www.pacificadvent.com\/es\/wp-json\/wp\/v2\/pages\/24843\/revisions"}],"predecessor-version":[{"id":24853,"href":"https:\/\/www.pacificadvent.com\/es\/wp-json\/wp\/v2\/pages\/24843\/revisions\/24853"}],"wp:featuredmedia":[{"embeddable":true,"href":"https:\/\/www.pacificadvent.com\/es\/wp-json\/wp\/v2\/media\/24602"}],"wp:attachment":[{"href":"https:\/\/www.pacificadvent.com\/es\/wp-json\/wp\/v2\/media?parent=24843"}],"wp:term":[{"taxonomy":"category","embeddable":true,"href":"https:\/\/www.pacificadvent.com\/es\/wp-json\/wp\/v2\/categories?post=24843"},{"taxonomy":"post_tag","embeddable":true,"href":"https:\/\/www.pacificadvent.com\/es\/wp-json\/wp\/v2\/tags?post=24843"}],"curies":[{"name":"wp","href":"https:\/\/api.w.org\/{rel}","templated":true}]}}