{"id":28108,"date":"2025-12-31T03:49:44","date_gmt":"2025-12-31T08:49:44","guid":{"rendered":"https:\/\/www.pacificadvent.com\/?page_id=28108"},"modified":"2026-01-01T17:06:19","modified_gmt":"2026-01-01T22:06:19","slug":"los-mejores-tours-de-panama-pesca-deportiva-playa-ballenas","status":"publish","type":"page","link":"https:\/\/www.pacificadvent.com\/es\/","title":{"rendered":"Los Mejores Tours de Panam\u00e1, Pesca Deportiva, Playa &amp; Ballenas"},"content":{"rendered":"\n<p>Viaje a Panam\u00e1 y disfrute del mejor servicio en bote para Tours Recreativos, de Pesca Deportiva Profesional, Observaci\u00f3n de Aves, Avistamiento de Ballenas y Delfines, en el Parque Nacional Coiba, Isla Cebaco, Golfo de Montijo y Pedas\u00ed.<\/p>\n\n\n\n<p>Nos encontraremos rumbo hacia lugares muy especiales donde no hay multitudes, en donde las experiencias de viaje son aut\u00e9nticas e inolvidables, y donde estableces conexiones con la naturaleza, duraderas, \u00fanicas y personales.<\/p>\n\n\n\n<p>Tendr\u00e1s acceso a islas remotas que el tiempo olvid\u00f3, explorando lugares inolvidables, playas de arena blanca y paisajes impresionantes. Tendr\u00e1s la oportunidad de ver aves marinas, caminar entre cangrejos, quienes te dar\u00e1n la bienvenida al llegar. Descubra un mundo \u00fanico que se ha mantenido pr\u00e1cticamente intacto durante siglos.<\/p>\n\n\n\n<p>No es el destino, es el viaje en buena compa\u00f1\u00eda; nuestra tripulaci\u00f3n es m\u00e1s que un simple gu\u00eda. Entendemos la diferencia entre un viaje y una experiencia regenerativa de por vida, la diferencia entre lo ordinario y lo extraordinario, algo para transformarte en un nuevo ser humano. Hacer nuevos amigos y conectarse con las comunidades locales y el patrimonio natural circundante reavivar\u00e1 su esp\u00edritu de descubrimiento y aventura. Te invitamos a buscar est\u00edmulo, pertenencia y sentido en Panam\u00e1, te invitamos a \u201cVivir por M\u00e1s\u201d.<\/p>\n","protected":false},"excerpt":{"rendered":"<p>Viaje a Panam\u00e1 y disfrute del mejor servicio en bote para Tours Recreativos, de Pesca Deportiva Profesional, Observaci\u00f3n de Aves, Avistamiento de Ballenas y Delfines, en el Parque Nacional Coiba, Isla Cebaco, Golfo de Montijo y Pedas\u00ed. Nos encontraremos rumbo hacia lugares muy especiales donde no hay multitudes, en donde las experiencias de viaje son [&hellip;]<\/p>\n","protected":false},"author":1,"featured_media":21247,"parent":0,"menu_order":0,"comment_status":"closed","ping_status":"closed","template":"","meta":{"_monsterinsights_skip_tracking":false,"_monsterinsights_sitenote_active":false,"_monsterinsights_sitenote_note":"","_monsterinsights_sitenote_category":0,"_uf_show_specific_survey":0,"_uf_disable_surveys":false,"footnotes":""},"categories":[],"tags":[573,569,571,562,565,566,570,559,575],"class_list":["post-28108","page","type-page","status-publish","has-post-thumbnail","hentry","tag-alquiler-de-bote-panama","tag-destinos-turisticos-en-panama","tag-pesca-deportiva-en-panama","tag-pesca-en-panama","tag-pesca-inshore-panama","tag-pesca-offshore-en-panama","tag-pesca-riverena-panama","tag-tour-de-playa-esnorquel-panama","tag-turismo-en-panama"],"aioseo_notices":[],"_links":{"self":[{"href":"https:\/\/www.pacificadvent.com\/es\/wp-json\/wp\/v2\/pages\/28108","targetHints":{"allow":["GET"]}}],"collection":[{"href":"https:\/\/www.pacificadvent.com\/es\/wp-json\/wp\/v2\/pages"}],"about":[{"href":"https:\/\/www.pacificadvent.com\/es\/wp-json\/wp\/v2\/types\/page"}],"author":[{"embeddable":true,"href":"https:\/\/www.pacificadvent.com\/es\/wp-json\/wp\/v2\/users\/1"}],"replies":[{"embeddable":true,"href":"https:\/\/www.pacificadvent.com\/es\/wp-json\/wp\/v2\/comments?post=28108"}],"version-history":[{"count":3,"href":"https:\/\/www.pacificadvent.com\/es\/wp-json\/wp\/v2\/pages\/28108\/revisions"}],"predecessor-version":[{"id":28123,"href":"https:\/\/www.pacificadvent.com\/es\/wp-json\/wp\/v2\/pages\/28108\/revisions\/28123"}],"wp:featuredmedia":[{"embeddable":true,"href":"https:\/\/www.pacificadvent.com\/es\/wp-json\/wp\/v2\/media\/21247"}],"wp:attachment":[{"href":"https:\/\/www.pacificadvent.com\/es\/wp-json\/wp\/v2\/media?parent=28108"}],"wp:term":[{"taxonomy":"category","embeddable":true,"href":"https:\/\/www.pacificadvent.com\/es\/wp-json\/wp\/v2\/categories?post=28108"},{"taxonomy":"post_tag","embeddable":true,"href":"https:\/\/www.pacificadvent.com\/es\/wp-json\/wp\/v2\/tags?post=28108"}],"curies":[{"name":"wp","href":"https:\/\/api.w.org\/{rel}","templated":true}]}}