{"id":7281,"date":"2017-10-18T06:39:41","date_gmt":"2017-10-18T11:39:41","guid":{"rendered":"http:\/\/www.pacificadvent.com\/?page_id=7281"},"modified":"2021-10-23T11:06:16","modified_gmt":"2021-10-23T16:06:16","slug":"blog-turismo-panama","status":"publish","type":"page","link":"https:\/\/www.pacificadvent.com\/es\/blog-turismo-panama\/","title":{"rendered":"Turismo en Panam\u00e1"},"content":{"rendered":"\n<p>Es un peque\u00f1o pa\u00eds del tama\u00f1o de Carolina del Sur, Panam\u00e1 tiene una gran variedad de atracciones de clase mundial: selvas tropicales ex\u00f3ticas, impresionantes refugios de monta\u00f1a, costas en el Caribe y el Pac\u00edfico con 1500 islas, siete culturas ind\u00edgenas vivientes, una ciudad capital sofisticada al estilo de Miami , una vibrante vida nocturna, sitios hist\u00f3ricos coloniales espa\u00f1oles, golf de clase mundial, buceo, pesca deportiva y surf, sin mencionar que octava maravilla del mundo, el Canal de Panam\u00e1.<\/p>\n\n\n\n<p>Es dif\u00edcil pensar en otro destino que tenga tanta variedad de atracciones tan cerca y que sea tan f\u00e1cil llegar.<\/p>\n\n\n\n<h2 class=\"wp-block-heading\">Llena de Naturaleza y Aventura<\/h2>\n\n\n\n<p>Si tu idea es recorrer el pa\u00eds, la mejor forma de hacerlo en es auto, toma poco tiempo desplazarse de un lugar a otro, es el pa\u00eds m\u00e1s angosto de Am\u00e9rica, con tan solo 80 km que separan el Mar Caribe del Oc\u00e9ano Pac\u00edfico.<\/p>\n\n\n\n<p>Aqu\u00ed te dejamos algunas recomendaciones:<\/p>\n\n\n\n<p><strong>En Bocas del Toro<\/strong>: Isla P\u00e1jaros, Bah\u00eda de los Delfines y el Parque Nacional Marino Isla Bastimentos.<\/p>\n\n\n\n<p><strong>En Chiriqu\u00ed<\/strong>: Los Cangilones de Gualaca, El Volc\u00e1n Bar\u00fa y el Parque Nacional Marino Golfo de Chiriqu\u00ed.<\/p>\n\n\n\n<p><strong>En Veraguas<\/strong>: La Iglesia de San Francisco de la Monta\u00f1a, la Reserva Forestal La Yeguada, Santa Fe, el Golfo de Montijo, Mariato, Santa Catalina y el Parque Nacional Coiba.<\/p>\n\n\n\n<p><strong>Por Herrera<\/strong>: La Iglesia de Santo Domingo de Guzm\u00e1n de Parita, la Reserva Forestal El Montuoso y el Parque Nacional de Sarigua.<\/p>\n\n\n\n<p><strong>En Los Santos<\/strong>: La Iglesia Santa Librada de Las Tablas, el Refugio de Vida Silvestre Isla Iguana, El m\u00e1gico pueblo de Pedas\u00ed, Playa Venao y el Refugio de Vida Silvestre Isla Ca\u00f1as.<\/p>\n\n\n\n<p><strong>Por Cocl\u00e9<\/strong>: La Bas\u00edlica de Nat\u00e1, el cerro La India Dormida, el Parque Arqueol\u00f3gico El Ca\u00f1o, el Corredor de Playas del Pac\u00edfico y el Valle de Ant\u00f3n.<\/p>\n\n\n\n<p><strong>Por Panam\u00e1<\/strong>: El Lago Bayano, el Conjunto Monumental Hist\u00f3rico Panam\u00e1 La Vieja, Los Cajones de Chame, el Parque Nacional Altos de Campana, El Canal de Panam\u00e1, La Calzada de Amador conocida como &#8220;Coast Way&#8221; y el Museo de la Biodiversidad de Frank Gehry, el Casco Antiguo, el Archipi\u00e9lago de las Perlas y no puedes irte sin conocer su cosmopolita ciudad.<\/p>\n\n\n\n<p><strong>En Col\u00f3n<\/strong>: El Fuerte de San Lorenzo, el Cristo Negro de Portobelo e Isla Grande.<\/p>\n\n\n\n<p><strong>En Dari\u00e9n<\/strong>: Bah\u00eda Pi\u00f1a, la Reserva Natural Punta Pati\u00f1o y el R\u00edo Tuira.<\/p>\n\n\n\n<h2 class=\"wp-block-heading\">Lo mejor de Panam\u00e1 es su Gente<\/h2>\n\n\n\n<p>Si bien es maravillo que casi el 40% de su territorio est\u00e1 dentro de alg\u00fan parque natural o \u00e1rea protegida, o que somos el eslab\u00f3n que uni\u00f3 las Am\u00e9ricas o el epicentro del comercio mundial gracias al Canal de Panam\u00e1.  Nada de esto compite con lo hermoso de su gente, son alegres, muy fiesteros, siempre sonrientes y siempre te haremos sentir como que eres parte de nuestra familia.<\/p>\n\n\n\n<p>Nuestras 7 etnias y el \u00fanico rey en toda Am\u00e9rica, son muestras de nuestro legado ancestral, que estamos deseosos de compartir con ustedes.<\/p>\n","protected":false},"excerpt":{"rendered":"<p>Es un peque\u00f1o pa\u00eds del tama\u00f1o de Carolina del Sur, Panam\u00e1 tiene una gran variedad de atracciones de clase mundial: selvas tropicales ex\u00f3ticas, impresionantes refugios de monta\u00f1a, costas en el Caribe y el Pac\u00edfico con 1500 islas, siete culturas ind\u00edgenas vivientes, una ciudad capital sofisticada al estilo de Miami , una vibrante vida nocturna, sitios [&hellip;]<\/p>\n","protected":false},"author":1,"featured_media":0,"parent":0,"menu_order":0,"comment_status":"closed","ping_status":"closed","template":"","meta":{"_monsterinsights_skip_tracking":false,"_monsterinsights_sitenote_active":false,"_monsterinsights_sitenote_note":"","_monsterinsights_sitenote_category":0,"_uf_show_specific_survey":0,"_uf_disable_surveys":false,"footnotes":""},"categories":[193],"tags":[573,574,567,569,583,571,562,572,559,575],"class_list":["post-7281","page","type-page","status-publish","hentry","category-blog-es","tag-alquiler-de-bote-panama","tag-avistamiento-de-cetaceos-panama","tag-canal-de-panama","tag-destinos-turisticos-en-panama","tag-ecoturismo-en-panama","tag-pesca-deportiva-en-panama","tag-pesca-en-panama","tag-surf-en-panama","tag-tour-de-playa-esnorquel-panama","tag-turismo-en-panama"],"aioseo_notices":[],"_links":{"self":[{"href":"https:\/\/www.pacificadvent.com\/es\/wp-json\/wp\/v2\/pages\/7281","targetHints":{"allow":["GET"]}}],"collection":[{"href":"https:\/\/www.pacificadvent.com\/es\/wp-json\/wp\/v2\/pages"}],"about":[{"href":"https:\/\/www.pacificadvent.com\/es\/wp-json\/wp\/v2\/types\/page"}],"author":[{"embeddable":true,"href":"https:\/\/www.pacificadvent.com\/es\/wp-json\/wp\/v2\/users\/1"}],"replies":[{"embeddable":true,"href":"https:\/\/www.pacificadvent.com\/es\/wp-json\/wp\/v2\/comments?post=7281"}],"version-history":[{"count":0,"href":"https:\/\/www.pacificadvent.com\/es\/wp-json\/wp\/v2\/pages\/7281\/revisions"}],"wp:attachment":[{"href":"https:\/\/www.pacificadvent.com\/es\/wp-json\/wp\/v2\/media?parent=7281"}],"wp:term":[{"taxonomy":"category","embeddable":true,"href":"https:\/\/www.pacificadvent.com\/es\/wp-json\/wp\/v2\/categories?post=7281"},{"taxonomy":"post_tag","embeddable":true,"href":"https:\/\/www.pacificadvent.com\/es\/wp-json\/wp\/v2\/tags?post=7281"}],"curies":[{"name":"wp","href":"https:\/\/api.w.org\/{rel}","templated":true}]}}