{"id":7287,"date":"2017-10-18T06:24:29","date_gmt":"2017-10-18T11:24:29","guid":{"rendered":"http:\/\/www.pacificadvent.com\/?page_id=7287"},"modified":"2021-10-23T06:01:40","modified_gmt":"2021-10-23T11:01:40","slug":"blog-panama-cultura-experiencia","status":"publish","type":"page","link":"https:\/\/www.pacificadvent.com\/es\/blog-panama-cultura-experiencia\/","title":{"rendered":"Experiencias Culturales, Panam\u00e1"},"content":{"rendered":"\n<p>Los turistas, que visitan Panam\u00e1, quedar\u00e1n impresionados por su gente amable, sus pueblos y tradiciones ancestrales que se han preservado hasta nuestros tiempos, sumado a las hermosas playas, famosas por practicar surf, lagos y r\u00edos cristalinos, altas cascadas y bosques tropicales que llegan hasta los pies de altas monta\u00f1as. <\/p>\n\n\n\n<p>Veraguas es la \u00fanica provincia de Panam\u00e1 y el mundo con costas en los oc\u00e9anos Atl\u00e1ntico (Caribe) y Pac\u00edfico. La riqueza natural de su territorio se debe a la variedad de paisajes, flora y fauna. <\/p>\n\n\n\n<p>Veraguas es tambi\u00e9n la tierra del pueblo Guaymi, conocido como los guerreros feroces que derrotaron a los espa\u00f1oles varias veces. Aunque ya no son feroces, prefieren mantener la distancia del resto del pa\u00eds. Debido a su aislamiento voluntario, sus pr\u00e1cticas y cultura tradicionales se han mantenido sin cambios durante siglos.<\/p>\n\n\n\n<p>La infraestructura tur\u00edstica se est\u00e1 desarrollando, y Santiago tiene todo el potencial para convertirse en un destino importante debido a su posici\u00f3n estrat\u00e9gica, que da acceso a muchos lugares que debes conocer en Panam\u00e1.<\/p>\n","protected":false},"excerpt":{"rendered":"<p>Los turistas, que visitan Panam\u00e1, quedar\u00e1n impresionados por su gente amable, sus pueblos y tradiciones ancestrales que se han preservado hasta nuestros tiempos, sumado a las hermosas playas, famosas por practicar surf, lagos y r\u00edos cristalinos, altas cascadas y bosques tropicales que llegan hasta los pies de altas monta\u00f1as. Veraguas es la \u00fanica provincia de [&hellip;]<\/p>\n","protected":false},"author":1,"featured_media":6584,"parent":0,"menu_order":0,"comment_status":"closed","ping_status":"closed","template":"","meta":{"_monsterinsights_skip_tracking":false,"_monsterinsights_sitenote_active":false,"_monsterinsights_sitenote_note":"","_monsterinsights_sitenote_category":0,"_uf_show_specific_survey":0,"_uf_disable_surveys":false,"footnotes":""},"categories":[193],"tags":[],"class_list":["post-7287","page","type-page","status-publish","has-post-thumbnail","hentry","category-blog-es"],"aioseo_notices":[],"_links":{"self":[{"href":"https:\/\/www.pacificadvent.com\/es\/wp-json\/wp\/v2\/pages\/7287","targetHints":{"allow":["GET"]}}],"collection":[{"href":"https:\/\/www.pacificadvent.com\/es\/wp-json\/wp\/v2\/pages"}],"about":[{"href":"https:\/\/www.pacificadvent.com\/es\/wp-json\/wp\/v2\/types\/page"}],"author":[{"embeddable":true,"href":"https:\/\/www.pacificadvent.com\/es\/wp-json\/wp\/v2\/users\/1"}],"replies":[{"embeddable":true,"href":"https:\/\/www.pacificadvent.com\/es\/wp-json\/wp\/v2\/comments?post=7287"}],"version-history":[{"count":0,"href":"https:\/\/www.pacificadvent.com\/es\/wp-json\/wp\/v2\/pages\/7287\/revisions"}],"wp:featuredmedia":[{"embeddable":true,"href":"https:\/\/www.pacificadvent.com\/es\/wp-json\/wp\/v2\/media\/6584"}],"wp:attachment":[{"href":"https:\/\/www.pacificadvent.com\/es\/wp-json\/wp\/v2\/media?parent=7287"}],"wp:term":[{"taxonomy":"category","embeddable":true,"href":"https:\/\/www.pacificadvent.com\/es\/wp-json\/wp\/v2\/categories?post=7287"},{"taxonomy":"post_tag","embeddable":true,"href":"https:\/\/www.pacificadvent.com\/es\/wp-json\/wp\/v2\/tags?post=7287"}],"curies":[{"name":"wp","href":"https:\/\/api.w.org\/{rel}","templated":true}]}}