{"id":7335,"date":"2016-09-01T12:14:05","date_gmt":"2016-09-01T17:14:05","guid":{"rendered":"http:\/\/www.pacificadvent.com\/?page_id=7335"},"modified":"2021-10-23T08:13:00","modified_gmt":"2021-10-23T13:13:00","slug":"nuestros-botes-panama","status":"publish","type":"page","link":"https:\/\/www.pacificadvent.com\/es\/nuestros-botes-panama\/","title":{"rendered":"Nuestros Botes"},"content":{"rendered":"\n<p>Contamos con una de las mejores flotas de alquiler de botes de la regi\u00f3n, incluyendo capit\u00e1n y gu\u00edas de muchas experiencia, nuestros botes son seguros, c\u00f3modos, r\u00e1pidos y bien equipados para hacer de su viaje, en Panam\u00e1, una experiencia memorable.<\/p>\n\n\n\n<p>La elecci\u00f3n es suya para explorar los lugares m\u00e1s impresionantes de Panam\u00e1, desde el <a href=\"https:\/\/www.pacificadvent.com\/es\/increible-dia-de-playa-y-manglares-golfo-de-montijo\/\" target=\"_blank\" rel=\"noreferrer noopener\">Golfo de Montijo<\/a> hasta el ex\u00f3tico <a href=\"https:\/\/www.pacificadvent.com\/es\/tour\/el-mejor-tour-de-snorkel-en-el-parque-nacional-coiba\/\" target=\"_blank\" rel=\"noreferrer noopener\">Parque Nacional Coiba<\/a>, <a href=\"https:\/\/www.pacificadvent.com\/tour\/pedasi-fishing-tour\/\" target=\"_blank\" rel=\"noreferrer noopener\">Pedas\u00ed <\/a>y m\u00e1s all\u00e1. <\/p>\n\n\n\n<div class=\"wp-block-columns is-layout-flex wp-container-core-columns-is-layout-9d6595d7 wp-block-columns-is-layout-flex\">\n<div class=\"wp-block-column is-layout-flow wp-block-column-is-layout-flow\">\n<figure class=\"wp-block-embed is-type-video is-provider-youtube wp-block-embed-youtube wp-embed-aspect-16-9 wp-has-aspect-ratio\"><div class=\"wp-block-embed__wrapper\">\n<iframe title=\"Es Tiempo de Escapar\" width=\"1150\" height=\"647\" src=\"https:\/\/www.youtube.com\/embed\/pH4N4OYHIOI?feature=oembed\" frameborder=\"0\" allow=\"accelerometer; autoplay; clipboard-write; encrypted-media; gyroscope; picture-in-picture\" allowfullscreen><\/iframe>\n<\/div><\/figure>\n<\/div>\n\n\n\n<div class=\"wp-block-column is-layout-flow wp-block-column-is-layout-flow\">\n<p>Nuestros barcos le dan acceso a pueblos costeros y una gastronom\u00eda tentadora, as\u00ed que tome su lugar en el mundo n\u00e1utico y salga en busca de algo totalmente nuevo.<\/p>\n\n\n\n<p>Adicionalmente, ofrecemos una gama completa de actividades como pesca deportiva y servicios para maximizar el disfrute de sus vacaciones con equipos completos de pesca deportiva, snorkeling (esn\u00f3rquel), avistamiento de cet\u00e1ceos (ballenas y delfines),  opcionalmente comida, bebida y m\u00e1s.<\/p>\n\n\n\n<p>Nuestros tours combinan la comodidad de las vacaciones de lujo, con el esp\u00edritu de los viajes de aventura.<\/p>\n<\/div>\n<\/div>\n","protected":false},"excerpt":{"rendered":"<p>Contamos con una de las mejores flotas de alquiler de botes de la regi\u00f3n, incluyendo capit\u00e1n y gu\u00edas de muchas experiencia, nuestros botes son seguros, c\u00f3modos, r\u00e1pidos y bien equipados para hacer de su viaje, en Panam\u00e1, una experiencia memorable. La elecci\u00f3n es suya para explorar los lugares m\u00e1s impresionantes de Panam\u00e1, desde el Golfo [&hellip;]<\/p>\n","protected":false},"author":1,"featured_media":0,"parent":0,"menu_order":0,"comment_status":"closed","ping_status":"closed","template":"","meta":{"_monsterinsights_skip_tracking":false,"_monsterinsights_sitenote_active":false,"_monsterinsights_sitenote_note":"","_monsterinsights_sitenote_category":0,"_uf_show_specific_survey":0,"_uf_disable_surveys":false,"footnotes":""},"categories":[193],"tags":[573,565,566,570,559,575],"class_list":["post-7335","page","type-page","status-publish","hentry","category-blog-es","tag-alquiler-de-bote-panama","tag-pesca-inshore-panama","tag-pesca-offshore-en-panama","tag-pesca-riverena-panama","tag-tour-de-playa-esnorquel-panama","tag-turismo-en-panama"],"aioseo_notices":[],"_links":{"self":[{"href":"https:\/\/www.pacificadvent.com\/es\/wp-json\/wp\/v2\/pages\/7335","targetHints":{"allow":["GET"]}}],"collection":[{"href":"https:\/\/www.pacificadvent.com\/es\/wp-json\/wp\/v2\/pages"}],"about":[{"href":"https:\/\/www.pacificadvent.com\/es\/wp-json\/wp\/v2\/types\/page"}],"author":[{"embeddable":true,"href":"https:\/\/www.pacificadvent.com\/es\/wp-json\/wp\/v2\/users\/1"}],"replies":[{"embeddable":true,"href":"https:\/\/www.pacificadvent.com\/es\/wp-json\/wp\/v2\/comments?post=7335"}],"version-history":[{"count":0,"href":"https:\/\/www.pacificadvent.com\/es\/wp-json\/wp\/v2\/pages\/7335\/revisions"}],"wp:attachment":[{"href":"https:\/\/www.pacificadvent.com\/es\/wp-json\/wp\/v2\/media?parent=7335"}],"wp:term":[{"taxonomy":"category","embeddable":true,"href":"https:\/\/www.pacificadvent.com\/es\/wp-json\/wp\/v2\/categories?post=7335"},{"taxonomy":"post_tag","embeddable":true,"href":"https:\/\/www.pacificadvent.com\/es\/wp-json\/wp\/v2\/tags?post=7335"}],"curies":[{"name":"wp","href":"https:\/\/api.w.org\/{rel}","templated":true}]}}