{"id":7337,"date":"2016-09-05T10:56:21","date_gmt":"2016-09-05T15:56:21","guid":{"rendered":"http:\/\/www.pacificadvent.com\/?page_id=7337"},"modified":"2024-06-25T13:02:35","modified_gmt":"2024-06-25T18:02:35","slug":"quienes-somos","status":"publish","type":"page","link":"https:\/\/www.pacificadvent.com\/es\/quienes-somos\/","title":{"rendered":"Quienes Somos"},"content":{"rendered":"\n<div class=\"wp-block-media-text alignwide has-media-on-the-right is-stacked-on-mobile\"><div class=\"wp-block-media-text__content\">\n<h2 class=\"wp-block-heading\">Nuestra Historia<\/h2>\n\n\n\n<p>No tuvimos la suerte de crecer cerca del mar, sino ocasionalmente en salidas familiares de un solo d\u00eda o de fin de semana.<\/p>\n\n\n\n<p>Hace m\u00e1s de 15 a\u00f1os, cuando conocimos las bellezas, bien conservadas, que la costa de Veraguas guardaba para muy pocos, se despert\u00f3 un deseo insaciable por disfrutar una y otra vez de estos tesoros naturales. En cada visita a sus aguas turquesas y verdes costas, nos enamoramos como adolescentes de su &#8220;primer gran amor&#8221;.<\/p>\n\n\n\n<p>No es f\u00e1cil comprender la complejidad y fragilidad de estos ecosistemas y c\u00f3mo millones de seres vivos (plantas y animales) deben vivir en armon\u00eda, para preservar estas maravillas naturales. Fue entonces cuando se encendi\u00f3 la llama de la pasi\u00f3n por la conservaci\u00f3n; por eso decimos \u201cExplorar, descubrir, amar y conservar\u201d.<\/p>\n\n\n\n<p>Empezamos a aprender con los mejores instructores, con quienes han vivido en estas zonas toda su vida, navegando por sus aguas y que conocen cada rinc\u00f3n, cada historia y cada secreto que no se encuentra en ning\u00fan libro. Con ellos creamos una alianza, un equipo que busca sacar lo mejor de cada uno, para mostrar a los dem\u00e1s lo que tenemos y al mismo tiempo tener las herramientas para cuidarlo y protegerlo.<\/p>\n\n\n\n<p>Y como acto natural naci\u00f3 Pacific Adventure Tours, una mezcla entre el turismo de naturaleza y aventura, con fuertes lazos con el trabajo en equipo y la conservaci\u00f3n de nuestros ecosistemas.<\/p>\n<\/div><figure class=\"wp-block-media-text__media\"><img decoding=\"async\" width=\"576\" height=\"1024\" src=\"https:\/\/www.pacificadvent.com\/wp-content\/uploads\/2020\/04\/gulf-of-montijo-dolphin-watching-576x1024.jpg\" alt=\"Gulf of Montijo Dolphin Watching\" class=\"wp-image-20917 size-full\" srcset=\"https:\/\/www.pacificadvent.com\/wp-content\/uploads\/2020\/04\/gulf-of-montijo-dolphin-watching.jpg 576w, https:\/\/www.pacificadvent.com\/wp-content\/uploads\/2020\/04\/gulf-of-montijo-dolphin-watching-169x300.jpg 169w, https:\/\/www.pacificadvent.com\/wp-content\/uploads\/2020\/04\/gulf-of-montijo-dolphin-watching-84x150.jpg 84w, https:\/\/www.pacificadvent.com\/wp-content\/uploads\/2020\/04\/gulf-of-montijo-dolphin-watching-768x1365.jpg 768w, https:\/\/www.pacificadvent.com\/wp-content\/uploads\/2020\/04\/gulf-of-montijo-dolphin-watching-864x1536.jpg 864w, https:\/\/www.pacificadvent.com\/wp-content\/uploads\/2020\/04\/gulf-of-montijo-dolphin-watching-1152x2048.jpg 1152w, https:\/\/www.pacificadvent.com\/wp-content\/uploads\/2020\/04\/gulf-of-montijo-dolphin-watching-scaled-400x711.jpg 400w, https:\/\/www.pacificadvent.com\/wp-content\/uploads\/2020\/04\/gulf-of-montijo-dolphin-watching-scaled-800x1422.jpg 800w, https:\/\/www.pacificadvent.com\/wp-content\/uploads\/2020\/04\/gulf-of-montijo-dolphin-watching-scaled-600x1066.jpg 600w\" sizes=\"(max-width: 576px) 100vw, 576px\" \/><\/figure><\/div>\n\n\n\n<h2 class=\"wp-block-heading\">Ofrecemos Experiencias Naturalmente \u00danicas<\/h2>\n\n\n\n<p>M\u00e1s que un simple paseo, tratamos de ofrecer <a href=\"https:\/\/www.pacificadvent.com\/es\/nuestros-tours-panama\/\">experiencias memorables<\/a>, buscamos que el mejor recuerdo que nuestros visitantes se lleven con ellos, sea el v\u00ednculo que hacen con el entorno y lo que aprendieron de \u00e9l, para luego empezar a amarlo como a nosotros.<\/p>\n\n\n\n<div class=\"wp-block-media-text alignwide is-stacked-on-mobile\"><figure class=\"wp-block-media-text__media\"><img decoding=\"async\" width=\"776\" height=\"1024\" src=\"https:\/\/www.pacificadvent.com\/wp-content\/uploads\/2017\/10\/20141217_141149.jpg\" alt=\"\" class=\"wp-image-7037 size-full\" srcset=\"https:\/\/www.pacificadvent.com\/wp-content\/uploads\/2017\/10\/20141217_141149.jpg 776w, https:\/\/www.pacificadvent.com\/wp-content\/uploads\/2017\/10\/20141217_141149-e1507748177802-600x792.jpg 600w\" sizes=\"(max-width: 776px) 100vw, 776px\" \/><\/figure><div class=\"wp-block-media-text__content\">\n<p>Si bien es cierto, somos apasionados de la pesca deportiva, adem\u00e1s nos fascina ver ballenas, delfines, tortugas marinas, las miles de aves sobrevolando el cielo y esa densa jungla que nos rodea, lo que m\u00e1s nos encanta es ver la cara de sorpresa o asombro de nuestros visitantes cuando descubren algo naturalmente excepcional ante sus ojos.<\/p>\n\n\n\n<p>Medimos nuestro \u00e9xito, en la medida que te enamoras de estos paisajes y sus habitantes salvajes, tanto como nosotros. Estamos muy agradecidos por los cientos de nuevos amigos que hemos adquirido en estos a\u00f1os, en un viaje que comenz\u00f3 en un barco y termin\u00f3 en el coraz\u00f3n de cada uno de ellos. A todos ustedes, nuevamente, muchas gracias.<\/p>\n<\/div><\/div>\n","protected":false},"excerpt":{"rendered":"<p>Nuestra Historia No tuvimos la suerte de crecer cerca del mar, sino ocasionalmente en salidas familiares de un solo d\u00eda o de fin de semana. Hace m\u00e1s de 15 a\u00f1os, cuando conocimos las bellezas, bien conservadas, que la costa de Veraguas guardaba para muy pocos, se despert\u00f3 un deseo insaciable por disfrutar una y otra [&hellip;]<\/p>\n","protected":false},"author":1,"featured_media":8614,"parent":0,"menu_order":0,"comment_status":"closed","ping_status":"closed","template":"","meta":{"_monsterinsights_skip_tracking":false,"_monsterinsights_sitenote_active":false,"_monsterinsights_sitenote_note":"","_monsterinsights_sitenote_category":0,"_uf_show_specific_survey":0,"_uf_disable_surveys":false,"footnotes":""},"categories":[],"tags":[575],"class_list":["post-7337","page","type-page","status-publish","has-post-thumbnail","hentry","tag-turismo-en-panama"],"aioseo_notices":[],"_links":{"self":[{"href":"https:\/\/www.pacificadvent.com\/es\/wp-json\/wp\/v2\/pages\/7337","targetHints":{"allow":["GET"]}}],"collection":[{"href":"https:\/\/www.pacificadvent.com\/es\/wp-json\/wp\/v2\/pages"}],"about":[{"href":"https:\/\/www.pacificadvent.com\/es\/wp-json\/wp\/v2\/types\/page"}],"author":[{"embeddable":true,"href":"https:\/\/www.pacificadvent.com\/es\/wp-json\/wp\/v2\/users\/1"}],"replies":[{"embeddable":true,"href":"https:\/\/www.pacificadvent.com\/es\/wp-json\/wp\/v2\/comments?post=7337"}],"version-history":[{"count":2,"href":"https:\/\/www.pacificadvent.com\/es\/wp-json\/wp\/v2\/pages\/7337\/revisions"}],"predecessor-version":[{"id":25561,"href":"https:\/\/www.pacificadvent.com\/es\/wp-json\/wp\/v2\/pages\/7337\/revisions\/25561"}],"wp:featuredmedia":[{"embeddable":true,"href":"https:\/\/www.pacificadvent.com\/es\/wp-json\/wp\/v2\/media\/8614"}],"wp:attachment":[{"href":"https:\/\/www.pacificadvent.com\/es\/wp-json\/wp\/v2\/media?parent=7337"}],"wp:term":[{"taxonomy":"category","embeddable":true,"href":"https:\/\/www.pacificadvent.com\/es\/wp-json\/wp\/v2\/categories?post=7337"},{"taxonomy":"post_tag","embeddable":true,"href":"https:\/\/www.pacificadvent.com\/es\/wp-json\/wp\/v2\/tags?post=7337"}],"curies":[{"name":"wp","href":"https:\/\/api.w.org\/{rel}","templated":true}]}}