{"id":7347,"date":"2017-10-01T08:02:51","date_gmt":"2017-10-01T13:02:51","guid":{"rendered":"http:\/\/www.pacificadvent.com\/?page_id=7347"},"modified":"2021-10-23T06:03:35","modified_gmt":"2021-10-23T11:03:35","slug":"galleria-videos","status":"publish","type":"page","link":"https:\/\/www.pacificadvent.com\/es\/galleria-videos\/","title":{"rendered":"Galler\u00eda de Videos"},"content":{"rendered":"\n<figure class=\"wp-block-embed is-type-video is-provider-youtube wp-block-embed-youtube wp-embed-aspect-16-9 wp-has-aspect-ratio\"><div class=\"wp-block-embed__wrapper\">\n<iframe title=\"Its Time to Escape\" width=\"1150\" height=\"647\" src=\"https:\/\/www.youtube.com\/embed\/SyCZNsrzfOI?list=PLAC-Z3dlUAnb7TSKlv8JLFY2-zwkquyw8\" frameborder=\"0\" allow=\"accelerometer; autoplay; clipboard-write; encrypted-media; gyroscope; picture-in-picture\" allowfullscreen><\/iframe>\n<\/div><\/figure>\n\n\n\n<p>La costa del Pac\u00edfico Sur de Panam\u00e1 es un \u00e1rea remota con playas pr\u00edstinas, vida silvestre diversa y selvas v\u00edrgenes. Si desea una experiencia de playas paradisiacas, sin todo el estr\u00e9s de un destino tur\u00edstico concurrido, las costas de Panam\u00e1, podr\u00edan ser justo lo que est\u00e1 buscando.<\/p>\n\n\n\n<p>Ofrecemos muchas <a href=\"https:\/\/www.pacificadvent.com\/es\/nuestros-tours-panama\/\" target=\"_blank\" rel=\"noreferrer noopener\">actividades divertidas y experiencias \u00fanicas<\/a> como pesca deportiva, observaci\u00f3n de ballenas, observaci\u00f3n de aves y encuentros con la vida silvestre.<\/p>\n","protected":false},"excerpt":{"rendered":"<p>La costa del Pac\u00edfico Sur de Panam\u00e1 es un \u00e1rea remota con playas pr\u00edstinas, vida silvestre diversa y selvas v\u00edrgenes. Si desea una experiencia de playas paradisiacas, sin todo el estr\u00e9s de un destino tur\u00edstico concurrido, las costas de Panam\u00e1, podr\u00edan ser justo lo que est\u00e1 buscando. Ofrecemos muchas actividades divertidas y experiencias \u00fanicas como [&hellip;]<\/p>\n","protected":false},"author":1,"featured_media":21068,"parent":0,"menu_order":0,"comment_status":"closed","ping_status":"closed","template":"","meta":{"_monsterinsights_skip_tracking":false,"_monsterinsights_sitenote_active":false,"_monsterinsights_sitenote_note":"","_monsterinsights_sitenote_category":0,"_uf_show_specific_survey":0,"_uf_disable_surveys":false,"footnotes":""},"categories":[],"tags":[],"class_list":["post-7347","page","type-page","status-publish","has-post-thumbnail","hentry"],"aioseo_notices":[],"_links":{"self":[{"href":"https:\/\/www.pacificadvent.com\/es\/wp-json\/wp\/v2\/pages\/7347","targetHints":{"allow":["GET"]}}],"collection":[{"href":"https:\/\/www.pacificadvent.com\/es\/wp-json\/wp\/v2\/pages"}],"about":[{"href":"https:\/\/www.pacificadvent.com\/es\/wp-json\/wp\/v2\/types\/page"}],"author":[{"embeddable":true,"href":"https:\/\/www.pacificadvent.com\/es\/wp-json\/wp\/v2\/users\/1"}],"replies":[{"embeddable":true,"href":"https:\/\/www.pacificadvent.com\/es\/wp-json\/wp\/v2\/comments?post=7347"}],"version-history":[{"count":0,"href":"https:\/\/www.pacificadvent.com\/es\/wp-json\/wp\/v2\/pages\/7347\/revisions"}],"wp:featuredmedia":[{"embeddable":true,"href":"https:\/\/www.pacificadvent.com\/es\/wp-json\/wp\/v2\/media\/21068"}],"wp:attachment":[{"href":"https:\/\/www.pacificadvent.com\/es\/wp-json\/wp\/v2\/media?parent=7347"}],"wp:term":[{"taxonomy":"category","embeddable":true,"href":"https:\/\/www.pacificadvent.com\/es\/wp-json\/wp\/v2\/categories?post=7347"},{"taxonomy":"post_tag","embeddable":true,"href":"https:\/\/www.pacificadvent.com\/es\/wp-json\/wp\/v2\/tags?post=7347"}],"curies":[{"name":"wp","href":"https:\/\/api.w.org\/{rel}","templated":true}]}}