{"id":7354,"date":"2017-10-17T07:55:13","date_gmt":"2017-10-17T12:55:13","guid":{"rendered":"http:\/\/www.pacificadvent.com\/?page_id=7354"},"modified":"2021-10-23T05:50:52","modified_gmt":"2021-10-23T10:50:52","slug":"blog-avistamiento-cetaceos-panama","status":"publish","type":"page","link":"https:\/\/www.pacificadvent.com\/es\/blog-avistamiento-cetaceos-panama\/","title":{"rendered":"Avistamiento de Cet\u00e1ceos en Panam\u00e1"},"content":{"rendered":"<p style=\"text-align: jusitify;\">Las costas de Panam\u00e1 son el hogar de docenas de especies de mam\u00edferos marinos, como los delfines nariz de botella, que suelen escoltar las embarcaciones peque\u00f1as en cualquier excursi\u00f3n en alta mar.<\/p>\n<p style=\"text-align: jusitify;\">Cuando hacemos viajes de pesca o esn\u00f3rquel, lo m\u00e1s probable es que veamos los cet\u00e1ceos m\u00e1s peque\u00f1os, pero si desea ver los gigantes del mar, es mejor que espere a que lleguen a visitarnos desde el mes de julio, donde buscan nuestras c\u00e1lidas aguas tropicales, las cuales sirven de refugio para aparearse y dar a luz. Durante esta \u00e9poca es muy com\u00fan ver a lo lejos una r\u00e1faga de agua que explota desde la superficie del oc\u00e9ano. Esa es la primera se\u00f1al de que estamos cerca de algunas de las criaturas m\u00e1s fascinantes de este mundo.<\/p>\n<p>A lo largo de toda la costa del Pac\u00edfico se pueden observar cet\u00e1ceos, sin embargos los sitios predilectos para desarrollar la actividad son Bah\u00eda de Panam\u00e1 (Las Perlas), Pedas\u00ed, Golfo de Montijo, Isla C\u00e9baco, Parque Nacional Coiba y Golfo de Chiriqu\u00ed.<\/p>\n","protected":false},"excerpt":{"rendered":"<p>Las costas de Panam\u00e1 son el hogar de docenas de especies de mam\u00edferos marinos, como los delfines nariz de botella, que suelen escoltar las embarcaciones peque\u00f1as en cualquier excursi\u00f3n en alta mar. Cuando hacemos viajes de pesca o esn\u00f3rquel, lo m\u00e1s probable es que veamos los cet\u00e1ceos m\u00e1s peque\u00f1os, pero si desea ver los gigantes [&hellip;]<\/p>\n","protected":false},"author":1,"featured_media":0,"parent":0,"menu_order":0,"comment_status":"closed","ping_status":"closed","template":"","meta":{"_monsterinsights_skip_tracking":false,"_monsterinsights_sitenote_active":false,"_monsterinsights_sitenote_note":"","_monsterinsights_sitenote_category":0,"_uf_show_specific_survey":0,"_uf_disable_surveys":false,"footnotes":""},"categories":[193],"tags":[574,583],"class_list":["post-7354","page","type-page","status-publish","hentry","category-blog-es","tag-avistamiento-de-cetaceos-panama","tag-ecoturismo-en-panama"],"aioseo_notices":[],"_links":{"self":[{"href":"https:\/\/www.pacificadvent.com\/es\/wp-json\/wp\/v2\/pages\/7354","targetHints":{"allow":["GET"]}}],"collection":[{"href":"https:\/\/www.pacificadvent.com\/es\/wp-json\/wp\/v2\/pages"}],"about":[{"href":"https:\/\/www.pacificadvent.com\/es\/wp-json\/wp\/v2\/types\/page"}],"author":[{"embeddable":true,"href":"https:\/\/www.pacificadvent.com\/es\/wp-json\/wp\/v2\/users\/1"}],"replies":[{"embeddable":true,"href":"https:\/\/www.pacificadvent.com\/es\/wp-json\/wp\/v2\/comments?post=7354"}],"version-history":[{"count":0,"href":"https:\/\/www.pacificadvent.com\/es\/wp-json\/wp\/v2\/pages\/7354\/revisions"}],"wp:attachment":[{"href":"https:\/\/www.pacificadvent.com\/es\/wp-json\/wp\/v2\/media?parent=7354"}],"wp:term":[{"taxonomy":"category","embeddable":true,"href":"https:\/\/www.pacificadvent.com\/es\/wp-json\/wp\/v2\/categories?post=7354"},{"taxonomy":"post_tag","embeddable":true,"href":"https:\/\/www.pacificadvent.com\/es\/wp-json\/wp\/v2\/tags?post=7354"}],"curies":[{"name":"wp","href":"https:\/\/api.w.org\/{rel}","templated":true}]}}