{"id":7357,"date":"2017-10-17T08:10:52","date_gmt":"2017-10-17T13:10:52","guid":{"rendered":"http:\/\/www.pacificadvent.com\/?page_id=7357"},"modified":"2022-02-15T10:16:51","modified_gmt":"2022-02-15T15:16:51","slug":"blog-buceo-en-coiba-panama","status":"publish","type":"page","link":"https:\/\/www.pacificadvent.com\/es\/blog-buceo-en-coiba-panama\/","title":{"rendered":"Coiba, el Mejor Buceo en Panam\u00e1"},"content":{"rendered":"\n<p>El Parque Nacional Coiba tiene una gran variedad de especies de coral, y se sorprender\u00e1 con las impresionantes escuelas de peces, tortugas, calamares, anguilas, tiburones, delfines, ballenas y mucho m\u00e1s.  Realmente es ofrece una de las mejores experiencias de buceo en Panam\u00e1.<\/p>\n\n\n\n<p>Impresionantes card\u00famenes de jureles, pargos y barracudas a menudo nadan junto a los arrecifes. Otros animales marinos, como una poblaci\u00f3n saludable de tiburones martillo, tiburones toro, mantarrayas gigantes y tiburones ballena, el pez m\u00e1s grande del mundo, a menudo se pueden ver en temporada, gracias a la seguridad del \u00e1rea de la reserva. Hay m\u00e1s de 800 especies marinas descubiertas en las aguas que rodean el parque.<\/p>\n\n\n\n<p>Las fuertes corrientes traen ofrecen una mezcla singular y muchas sorpresas, tanto en los arrecifes costeros de Coiba, como en numerosos pin\u00e1culos submarinos ubicados en alta mar y en los estrechos o canales entre los islotes.<\/p>\n\n\n\n<p>Los pin\u00e1culos otorgan lo mejor del buceo en Coiba, y las corrientes que provocan los cambios de marea brindan verdaderas maravillas en la agregaci\u00f3n de peces.  Bucear all\u00ed puede ser completamente impredecible; durante la misma inmersi\u00f3n, el agua azul clara puede volverse verde.<\/p>\n\n\n\n<h2 class=\"wp-block-heading\" id=\"todo-aqui-es-mas-grande-y-en-mas-numeros-que-en-cualquier-otro-lugar\">Todo aqu\u00ed es m\u00e1s grande y en m\u00e1s n\u00fameros que en cualquier otro lugar<\/h2>\n\n\n\n<p>Bucear en el Parque Nacional Coiba es una experiencia m\u00e1gica, es uno de los santuarios marinos m\u00e1s grandes del mundo y la piedra angular del Corredor Marino del Pac\u00edfico Oriental, un \u00e1rea de zonas 0rotegidas para la migraci\u00f3n de peces y mam\u00edferos de Ecuador a Costa Rica, ofrece el mejor encuentro de buceo y peces grandes en Panam\u00e1.&nbsp; <\/p>\n\n\n\n<p>El Lonely Planet lo llama &#8220;el mejor buceo &#8230; entre M\u00e9xico y Colombia&#8221;.Explore la isla de Coiba y descubra una impresionante reserva natural y salvaje, en la que el 80% de su territorio no ha sido tocado por los seres humanos. <\/p>\n\n\n\n<h2 class=\"wp-block-heading\" id=\"coiba-es-un-refugio-y-oasis-natural-submarino\">Coiba es un Refugio y Oasis Natural Submarino<\/h2>\n\n\n\n<div class=\"wp-block-media-text alignwide is-stacked-on-mobile\"><figure class=\"wp-block-media-text__media\"><img decoding=\"async\" width=\"1024\" height=\"699\" src=\"https:\/\/www.pacificadvent.com\/wp-content\/uploads\/Eduardo-Estrada-Coiba-Underwater-13-1024x699.jpg\" alt=\"Whitetip Shark - Coiba - Granito de Oro\" class=\"wp-image-21288 size-full\" srcset=\"https:\/\/www.pacificadvent.com\/wp-content\/uploads\/Eduardo-Estrada-Coiba-Underwater-13-1024x699.jpg 1024w, https:\/\/www.pacificadvent.com\/wp-content\/uploads\/Eduardo-Estrada-Coiba-Underwater-13-300x205.jpg 300w, https:\/\/www.pacificadvent.com\/wp-content\/uploads\/Eduardo-Estrada-Coiba-Underwater-13-150x102.jpg 150w, https:\/\/www.pacificadvent.com\/wp-content\/uploads\/Eduardo-Estrada-Coiba-Underwater-13-768x524.jpg 768w, https:\/\/www.pacificadvent.com\/wp-content\/uploads\/Eduardo-Estrada-Coiba-Underwater-13-1536x1048.jpg 1536w, https:\/\/www.pacificadvent.com\/wp-content\/uploads\/Eduardo-Estrada-Coiba-Underwater-13-2048x1397.jpg 2048w, https:\/\/www.pacificadvent.com\/wp-content\/uploads\/Eduardo-Estrada-Coiba-Underwater-13-66x45.jpg 66w, https:\/\/www.pacificadvent.com\/wp-content\/uploads\/Eduardo-Estrada-Coiba-Underwater-13-scaled.jpg 1300w\" sizes=\"(max-width: 1024px) 100vw, 1024px\" \/><\/figure><div class=\"wp-block-media-text__content\">\n<p>Es un Oasis en medio del oc\u00e9ano, esta diversidad de vida silvestre marina existe en esta regi\u00f3n debido a la Corriente de Humboldt que entrega agua fr\u00eda y rica en nutrientes hacia la superficie que hace posible sustentar la rica biodiversidad.<\/p>\n\n\n\n<p>Las \u00e1reas de arrecifes de coral contenidas en el \u00e1rea del Parque Nacional Coiba se han librado de lo que se conoce como los efectos de blanqueamiento de El Ni\u00f1o, que ocurren como resultado de las corrientes de agua c\u00e1lida que fluyen hacia los arrecifes de coral, como alrededor de las Islas Gal\u00e1pagos y Cocos. , por lo tanto, ofrece los beneficios de ver una experiencia de buceo espectacular y verdaderamente virgen.<\/p>\n<\/div><\/div>\n\n\n\n<h2 class=\"wp-block-heading\" id=\"el-temor-de-la-carcel-ayudo-en-su-conservacion\">El Temor de la C\u00e1rcel ayud\u00f3 en su conservaci\u00f3n<\/h2>\n\n\n\n<p>El aislamiento de la colonia penal preserv\u00f3 el h\u00e1bitat pr\u00edstino de la isla. A pesar de estar a solo 20 km (12 millas) de la costa del Golfo de Chiriqu\u00ed, Coiba es un verdadero mundo perdido de ecosistemas pr\u00edstinos y con una fauna \u00fanica. Son estas razones las que hacen de Isla Coiba, Panam\u00e1, una joya tan rara y un lugar de esperanza para el mundo. No pierda la oportunidad de sumergirse en el Parque Nacional Coiba.<\/p>\n\n\n\n<p>Explore la isla de Coiba y descubra una impresionante reserva natural salvaje en la que el 80% de su territorio no ha sido tocado por humanos. La isla est\u00e1 en su mayor parte intacta, puedes observar f\u00e1cilmente la vida silvestre como cocodrilos, monos y guacamayos. Posibilidades de senderismo tambi\u00e9n est\u00e1n disponibles en la isla.<\/p>\n\n\n\n<p>Este viaje es diferente a cualquier otro, mientras explora lo mejor de la naturaleza a lo largo de la costa de Coiba y Veraguas.  Pase un d\u00eda completo en el mar observando ballenas, delfines y tortugas marinas en el agua o disfrute de una variedad de actividades donde exploras  de forma activa y al aire libre.  No hay duda que <a href=\"https:\/\/www.pacificadvent.com\/es\/coiba-un-laboratorio-viviente\/\" target=\"_blank\" rel=\"noreferrer noopener\">Coiba es un verdadero Laboratorio viviente<\/a>.<\/p>\n\n\n\n<h2 class=\"wp-block-heading\" id=\"experiencia-de-buceo-en-hannibal-bank\">Experiencia de buceo en Hannibal Bank<\/h2>\n\n\n\n<p>A\u00fan m\u00e1s espectacular es el buceo en Hannibal Bank (Banco Hanibal), que se encuentra m\u00e1s lejos de la costa, hacia el oeste, hacia los l\u00edmites del Parque Nacional Coiba. Bucear en Hannibal Bank puede ser tan complicado como cualquier buceo en mar abierto, un entorno totalmente pel\u00e1gico, monta\u00f1as submarinas que se elevan desde miles de metros de profundidad a solo 160 pies \/ 46 m, realmente est\u00e1 fuera de los l\u00edmites de profundidad de buceo recreativo.<\/p>\n\n\n\n<p>Con aproximadamente cinco millas de largo y tres millas de ancho, las orillas de estas monta\u00f1as submarinas, se caracterizan por tener aguas profundas a su alrededor. Adem\u00e1s, son ba\u00f1ados por la corriente de Humboldt que mueve una gran cantidad de biomasa de plancton a la superficie. Como resultado, la prol\u00edfica cadena alimentaria del banco ofrece gran cantidad de at\u00fan aleta amarilla, de tama\u00f1os dignos de un trofeo.<\/p>\n\n\n\n<h2 class=\"wp-block-heading\" id=\"los-mejores-sitios-de-buceo-en-coiba\">Los Mejores Sitios de buceo en Coiba<\/h2>\n\n\n\n<p>Estos son solo algunos puntos calientes de buceo en las aguas circundantes de Coiba, como Cathedral Rock, Contreras Ridge, Fishermans Dream, Frijoles Ridge, Hannibal Banks, Hatched Rock, Hill Rocks, Isla Iglesias, Isla Ladrones, Isla Montuosa, Jacobs Ladder, Mona Lisa , Octopus Rock, Pyramids, Shark City, Shark Fin, The Fridge, The Monster, Twin Peaks y Wahoo Rock.<\/p>\n\n\n\n<h2 class=\"wp-block-heading\" id=\"coiba-es-la-isla-mas-grande-de-america-central-y-la-isla-deshabitada-mas-grande-de-america-latina\">Coiba es la isla m\u00e1s grande de Am\u00e9rica Central y la isla deshabitada m\u00e1s grande de Am\u00e9rica Latina.<\/h2>\n\n\n\n<div class=\"wp-block-media-text alignwide is-stacked-on-mobile\"><figure class=\"wp-block-media-text__media\"><img decoding=\"async\" width=\"1024\" height=\"728\" src=\"https:\/\/www.pacificadvent.com\/wp-content\/uploads\/Eduardo-Estrada-Coiba-Underwater-pez-sapo-gigante-1024x728.jpg\" alt=\"The natural wealth of the Coiba's Coral Reefs\" class=\"wp-image-21262 size-full\" srcset=\"https:\/\/www.pacificadvent.com\/wp-content\/uploads\/Eduardo-Estrada-Coiba-Underwater-pez-sapo-gigante-1024x728.jpg 1024w, https:\/\/www.pacificadvent.com\/wp-content\/uploads\/Eduardo-Estrada-Coiba-Underwater-pez-sapo-gigante-300x213.jpg 300w, https:\/\/www.pacificadvent.com\/wp-content\/uploads\/Eduardo-Estrada-Coiba-Underwater-pez-sapo-gigante-150x107.jpg 150w, https:\/\/www.pacificadvent.com\/wp-content\/uploads\/Eduardo-Estrada-Coiba-Underwater-pez-sapo-gigante-768x546.jpg 768w, https:\/\/www.pacificadvent.com\/wp-content\/uploads\/Eduardo-Estrada-Coiba-Underwater-pez-sapo-gigante-350x250.jpg 350w, https:\/\/www.pacificadvent.com\/wp-content\/uploads\/Eduardo-Estrada-Coiba-Underwater-pez-sapo-gigante.jpg 1300w\" sizes=\"(max-width: 1024px) 100vw, 1024px\" \/><\/figure><div class=\"wp-block-media-text__content\">\n<p>El bosque h\u00famedo tropical de la Isla Coiba mantiene niveles excepcionalmente altos de endemismo de mam\u00edferos, aves y plantas debido a la evoluci\u00f3n en curso de nuevas especies.<\/p>\n\n\n\n<p>Tambi\u00e9n es el \u00faltimo refugio para una serie de animales amenazados como el \u00e1guila con crestada y las guacamaya bandera.<\/p>\n\n\n\n<p>El Parque es un laboratorio natural excepcional para la investigaci\u00f3n cient\u00edfica y proporciona un v\u00ednculo ecol\u00f3gico clave, con el Pac\u00edfico Oriental Tropical para el tr\u00e1nsito y la supervivencia de peces pel\u00e1gicos y mam\u00edferos marinos.<\/p>\n<\/div><\/div>\n\n\n\n<p>Sum\u00e9rjase en las aguas cristalinas de Granito de Oro y Canales de Afuera son lugares que el tiempo olvid\u00f3, son islas tropicales remotas, aisladas e impresionantes.<\/p>\n\n\n\n<p>Descubra, junto a nuestra tripulaci\u00f3n, la vida silvestre que no se encuentra en ning\u00fan otro lugar del mundo, conoceremos los monos end\u00e9micos de Coiba al caminar por sus senderos o una rica vida submarina mientras practica snorkel.<\/p>\n\n\n\n<figure class=\"wp-block-embed is-type-video is-provider-youtube wp-block-embed-youtube wp-embed-aspect-16-9 wp-has-aspect-ratio\"><div class=\"wp-block-embed__wrapper\">\n<iframe title=\"Parque Nacional de Coiba\" width=\"1150\" height=\"647\" src=\"https:\/\/www.youtube.com\/embed\/R1CHoaQeZjc?feature=oembed\" frameborder=\"0\" allow=\"accelerometer; autoplay; clipboard-write; encrypted-media; gyroscope; picture-in-picture\" allowfullscreen><\/iframe>\n<\/div><\/figure>\n\n\n\n<h2 class=\"wp-block-heading\" id=\"los-origenes-de-coiba\">Los or\u00edgenes de Coiba<\/h2>\n\n\n\n<p>Emergi\u00f3 (sobre el nivel del mar) hace unos 35 millones de a\u00f1os. La Isla Coiba y el \u00e1rea que hoy conocemos como Azuero fue transportada con la Placa de Cocos a la zona donde se formaba Panam\u00e1 y Costa Rica, y luego fue incorporada como parte del continente en tierra firme.<\/p>\n\n\n\n<h3 class=\"wp-block-heading\" id=\"la-isla-coiba-se-origino-como-un-territorio-exotico-al-igual-que-las-tierras-altas-de-azuero-y-sona-en-un-punto-de-actividad-volcanica-en-galapagos\">La isla Coiba se origin\u00f3 como un territorio ex\u00f3tico, al igual que las tierras altas de Azuero y Son\u00e1, en un punto de actividad volc\u00e1nica en Gal\u00e1pagos.<\/h3>\n\n\n\n<p>El nivel del mar ha subido y bajado dr\u00e1sticamente muchas veces, en el pasado, durante las varias edades de hielo. Cuando gran parte del agua del planeta estaba atrapada en casquetes polares y glaciares, el nivel del mar era muy bajo al rededor de Panam\u00e1. El lecho marino entre Coiba y el continente, y entre Coiba y la vecina isla Rancher\u00eda, era parte de tierra firme.<\/p>\n\n\n\n<p>Despu\u00e9s de que se form\u00f3 el Istmo de Panam\u00e1, los animales y las plantas, del Am\u00e9rica del Norte y del Sur, pudieron moverse de un continente a otro, lo que se conoce como el Gran Intercambio Biol\u00f3gico Americano. Los cient\u00edficos del Smithsonian a\u00fan est\u00e1n debatiendo cu\u00e1ndo ocurri\u00f3 esto realmente.<\/p>\n\n\n\n<p>Luego de la \u00faltima glaciaci\u00f3n los niveles de los oc\u00e9anos volvieron a aumentar dr\u00e1sticamente, lo que dej\u00f3 a Coiba y las islas circundantes, junto con sus habitantes, aisladas de tierra firme.<\/p>\n\n\n\n<h2 class=\"wp-block-heading\" id=\"experimentaras-una-de-las-mejores-aventuras-de-buceos-del-mundo\">Experimentar\u00e1s una de las mejores aventuras de buceos del mundo<\/h2>\n\n\n\n<p>Varios operadores en Santa Catalina ofrecen tours de una o varias inmersiones de buceo y esn\u00f3rquel al Parque Nacional Coiba, sitios de buceo locales y cursos de buceo. Aquellos que no sepan bucear pueden solicitar un tour de buceo b\u00e1sico para ver si quieren certificarse. El curso de certificaci\u00f3n PADI Open Water dura unos cuatro o cinco d\u00edas.<\/p>\n\n\n\n<iframe src=\"https:\/\/www.google.com\/maps\/d\/u\/0\/embed?mid=1mbg0WiyDyCfE3cqlbEAZ4cG2o5QQz6S2&#038;ehbc=2E312F\" width=\"800\" height=\"480\"><\/iframe>\n","protected":false},"excerpt":{"rendered":"<p>El Parque Nacional Coiba tiene una gran variedad de especies de coral, y se sorprender\u00e1 con las impresionantes escuelas de peces, tortugas, calamares, anguilas, tiburones, delfines, ballenas y mucho m\u00e1s. Realmente es ofrece una de las mejores experiencias de buceo en Panam\u00e1. Impresionantes card\u00famenes de jureles, pargos y barracudas a menudo nadan junto a los [&hellip;]<\/p>\n","protected":false},"author":1,"featured_media":0,"parent":0,"menu_order":0,"comment_status":"closed","ping_status":"closed","template":"","meta":{"_monsterinsights_skip_tracking":false,"_monsterinsights_sitenote_active":false,"_monsterinsights_sitenote_note":"","_monsterinsights_sitenote_category":0,"_uf_show_specific_survey":0,"_uf_disable_surveys":false,"footnotes":""},"categories":[164],"tags":[569,583,561,575,577],"class_list":["post-7357","page","type-page","status-publish","hentry","category-coiba-buceo","tag-destinos-turisticos-en-panama","tag-ecoturismo-en-panama","tag-isla-coiba","tag-turismo-en-panama","tag-vacaciones-en-panama"],"aioseo_notices":[],"_links":{"self":[{"href":"https:\/\/www.pacificadvent.com\/es\/wp-json\/wp\/v2\/pages\/7357","targetHints":{"allow":["GET"]}}],"collection":[{"href":"https:\/\/www.pacificadvent.com\/es\/wp-json\/wp\/v2\/pages"}],"about":[{"href":"https:\/\/www.pacificadvent.com\/es\/wp-json\/wp\/v2\/types\/page"}],"author":[{"embeddable":true,"href":"https:\/\/www.pacificadvent.com\/es\/wp-json\/wp\/v2\/users\/1"}],"replies":[{"embeddable":true,"href":"https:\/\/www.pacificadvent.com\/es\/wp-json\/wp\/v2\/comments?post=7357"}],"version-history":[{"count":0,"href":"https:\/\/www.pacificadvent.com\/es\/wp-json\/wp\/v2\/pages\/7357\/revisions"}],"wp:attachment":[{"href":"https:\/\/www.pacificadvent.com\/es\/wp-json\/wp\/v2\/media?parent=7357"}],"wp:term":[{"taxonomy":"category","embeddable":true,"href":"https:\/\/www.pacificadvent.com\/es\/wp-json\/wp\/v2\/categories?post=7357"},{"taxonomy":"post_tag","embeddable":true,"href":"https:\/\/www.pacificadvent.com\/es\/wp-json\/wp\/v2\/tags?post=7357"}],"curies":[{"name":"wp","href":"https:\/\/api.w.org\/{rel}","templated":true}]}}