{"id":7363,"date":"2017-10-17T07:48:43","date_gmt":"2017-10-17T12:48:43","guid":{"rendered":"http:\/\/www.pacificadvent.com\/?page_id=7363"},"modified":"2021-10-23T09:48:21","modified_gmt":"2021-10-23T14:48:21","slug":"blog-playas-panama","status":"publish","type":"page","link":"https:\/\/www.pacificadvent.com\/es\/blog-playas-panama\/","title":{"rendered":"Playas Paradis\u00edacas en Panam\u00e1"},"content":{"rendered":"\n<p>Solo imagina, de frente tendr\u00e1s playas de arena blanca y aguas cristalinas, en el fondo abundante vida marina y coloridos arrecifes de corales, a tu espalda bosques tropicales de frondosas vegetaci\u00f3n y la vida silvestre, que no se encuentran en ninguna otra parte del mundo, convierten a estas islas en alucinantes destinos tur\u00edsticos de Panam\u00e1.<\/p>\n\n\n\n<p>Pedas\u00ed, Cebaco, Coiba y el resto de las islas del Parque Nacional Coiba son los lugares perfectos para escapar del ruido, las responsabilidades y la rutina diaria.<\/p>\n\n\n\n<h2 class=\"wp-block-heading\">Viajes privados y Grupos Peque\u00f1os<\/h2>\n\n\n\n<p>Si escoges el destino que se adapta a sus planes, puedes contactarnos  y te enviaremos una propuesta, basadas en tus preferencias y requisitos.<\/p>\n\n\n\n<p>No pierdas la oportunidad de descubrir las maravillas naturales del Golfo de Montijo. Con grupos peque\u00f1os y atenci\u00f3n personalizada, en este recorrido, te llevaremos a algunos de los lugares m\u00e1s espectaculares de Panam\u00e1.<\/p>\n\n\n\n<h2 class=\"wp-block-heading\">Turismo de Aventura y Naturaleza en Panam\u00e1<\/h2>\n\n\n\n<p>Explora un lado de esta parte del mundo, que mucha gente no puede ni imaginar. \u00bfHas so\u00f1ado alguna vez con nadar con tortugas marinas o incluso tiburones inofensivos? Haz que tus sue\u00f1os se hagan realidad durante estas vacaciones; creando recuerdos que durar\u00e1n toda la vida.<\/p>\n\n\n\n<p>Tenemos es ch\u00e1rter privado perfecto para ti, destinos paradis\u00edacos, excelentes barcos, capitanes de experiencia y tripulaci\u00f3n muy alegre, para que tu tiempo abordo se sea memorable.<\/p>\n","protected":false},"excerpt":{"rendered":"<p>Solo imagina, de frente tendr\u00e1s playas de arena blanca y aguas cristalinas, en el fondo abundante vida marina y coloridos arrecifes de corales, a tu espalda bosques tropicales de frondosas vegetaci\u00f3n y la vida silvestre, que no se encuentran en ninguna otra parte del mundo, convierten a estas islas en alucinantes destinos tur\u00edsticos de Panam\u00e1. [&hellip;]<\/p>\n","protected":false},"author":1,"featured_media":20769,"parent":0,"menu_order":0,"comment_status":"closed","ping_status":"closed","template":"","meta":{"_monsterinsights_skip_tracking":false,"_monsterinsights_sitenote_active":false,"_monsterinsights_sitenote_note":"","_monsterinsights_sitenote_category":0,"_uf_show_specific_survey":0,"_uf_disable_surveys":false,"footnotes":""},"categories":[193],"tags":[573,563,579,561,568,559,575],"class_list":["post-7363","page","type-page","status-publish","has-post-thumbnail","hentry","category-blog-es","tag-alquiler-de-bote-panama","tag-golfo-de-montijo","tag-isla-cebaco","tag-isla-coiba","tag-pedasi-es","tag-tour-de-playa-esnorquel-panama","tag-turismo-en-panama"],"aioseo_notices":[],"_links":{"self":[{"href":"https:\/\/www.pacificadvent.com\/es\/wp-json\/wp\/v2\/pages\/7363","targetHints":{"allow":["GET"]}}],"collection":[{"href":"https:\/\/www.pacificadvent.com\/es\/wp-json\/wp\/v2\/pages"}],"about":[{"href":"https:\/\/www.pacificadvent.com\/es\/wp-json\/wp\/v2\/types\/page"}],"author":[{"embeddable":true,"href":"https:\/\/www.pacificadvent.com\/es\/wp-json\/wp\/v2\/users\/1"}],"replies":[{"embeddable":true,"href":"https:\/\/www.pacificadvent.com\/es\/wp-json\/wp\/v2\/comments?post=7363"}],"version-history":[{"count":0,"href":"https:\/\/www.pacificadvent.com\/es\/wp-json\/wp\/v2\/pages\/7363\/revisions"}],"wp:featuredmedia":[{"embeddable":true,"href":"https:\/\/www.pacificadvent.com\/es\/wp-json\/wp\/v2\/media\/20769"}],"wp:attachment":[{"href":"https:\/\/www.pacificadvent.com\/es\/wp-json\/wp\/v2\/media?parent=7363"}],"wp:term":[{"taxonomy":"category","embeddable":true,"href":"https:\/\/www.pacificadvent.com\/es\/wp-json\/wp\/v2\/categories?post=7363"},{"taxonomy":"post_tag","embeddable":true,"href":"https:\/\/www.pacificadvent.com\/es\/wp-json\/wp\/v2\/tags?post=7363"}],"curies":[{"name":"wp","href":"https:\/\/api.w.org\/{rel}","templated":true}]}}