{"id":7366,"date":"2017-10-17T07:45:10","date_gmt":"2017-10-17T12:45:10","guid":{"rendered":"http:\/\/www.pacificadvent.com\/?page_id=7366"},"modified":"2021-10-23T08:40:12","modified_gmt":"2021-10-23T13:40:12","slug":"blog-paseos-bote-panama","status":"publish","type":"page","link":"https:\/\/www.pacificadvent.com\/es\/blog-paseos-bote-panama\/","title":{"rendered":"Paseos en Bote en Panam\u00e1 &#038; Experiencias Naturales"},"content":{"rendered":"\n<p>Una de las regiones m\u00e1s espectaculares y con magia de Panam\u00e1, es la costa del Pac\u00edfico de Veraguas y Pedas\u00ed. La verdadera joya que atrae a muchos visitantes a Panam\u00e1 es Coiba; sin embargo, la isla de C\u00e9baco e Isla Iguana no tienen nada que pedir a su hermana mayor, arenas blancas, aguas cristalinas y una biodiversidad que los hacen \u00fanicas.<\/p>\n\n\n\n<p>Estos destinos son conocidos por sus incre\u00edbles excursiones de buceo y snorkel (esn\u00f3rquel) que te llevan a recorrer las islas, para conocer su riqueza natural bajo el agua, con hermosos arrecifes de coral y una abundante biodiversidad.<\/p>\n\n\n\n<p>Adem\u00e1s de la belleza natural, ofrecemos una serie de actividades como pesca deportiva, avistamiento de cet\u00e1ceos y vida salvaje, las Costas de Pedas\u00ed, Mariato, Coiba, Golfo de Montijo y Cebaco son el escenario, que seguramente te har\u00e1n regresar una y otra vez.<\/p>\n\n\n\n<h2 class=\"wp-block-heading\">Viaje en Buena Compa\u00f1\u00eda<\/h2>\n\n\n\n<p>Cuente con nosotros para llevarlo m\u00e1s all\u00e1 de lo ordinario, siempre hacemos un esfuerzo adicional para encontrar formas \u00fanicas de enriquecer su experiencia de culturas, historia y naturaleza.<\/p>\n\n\n\n<p>Nuestros gu\u00edas, conocen estos lugares como la palma de su mano, y compartir\u00e1n contigo secretos de nuestras costumbres y tradiciones, como m\u00e1s nadie lo har\u00e1.  Nos esforzamos para que cada momento en tus vacaciones cuente y que m\u00e1s que un paseo en bote, se convierta en una experiencia para descubrir, aprender y disfrutar.<\/p>\n","protected":false},"excerpt":{"rendered":"<p>Una de las regiones m\u00e1s espectaculares y con magia de Panam\u00e1, es la costa del Pac\u00edfico de Veraguas y Pedas\u00ed. La verdadera joya que atrae a muchos visitantes a Panam\u00e1 es Coiba; sin embargo, la isla de C\u00e9baco e Isla Iguana no tienen nada que pedir a su hermana mayor, arenas blancas, aguas cristalinas y [&hellip;]<\/p>\n","protected":false},"author":1,"featured_media":0,"parent":0,"menu_order":0,"comment_status":"closed","ping_status":"closed","template":"","meta":{"_monsterinsights_skip_tracking":false,"_monsterinsights_sitenote_active":false,"_monsterinsights_sitenote_note":"","_monsterinsights_sitenote_category":0,"_uf_show_specific_survey":0,"_uf_disable_surveys":false,"footnotes":""},"categories":[193],"tags":[573,569,563,561,571,562,565,566,570,559,575],"class_list":["post-7366","page","type-page","status-publish","hentry","category-blog-es","tag-alquiler-de-bote-panama","tag-destinos-turisticos-en-panama","tag-golfo-de-montijo","tag-isla-coiba","tag-pesca-deportiva-en-panama","tag-pesca-en-panama","tag-pesca-inshore-panama","tag-pesca-offshore-en-panama","tag-pesca-riverena-panama","tag-tour-de-playa-esnorquel-panama","tag-turismo-en-panama"],"aioseo_notices":[],"_links":{"self":[{"href":"https:\/\/www.pacificadvent.com\/es\/wp-json\/wp\/v2\/pages\/7366","targetHints":{"allow":["GET"]}}],"collection":[{"href":"https:\/\/www.pacificadvent.com\/es\/wp-json\/wp\/v2\/pages"}],"about":[{"href":"https:\/\/www.pacificadvent.com\/es\/wp-json\/wp\/v2\/types\/page"}],"author":[{"embeddable":true,"href":"https:\/\/www.pacificadvent.com\/es\/wp-json\/wp\/v2\/users\/1"}],"replies":[{"embeddable":true,"href":"https:\/\/www.pacificadvent.com\/es\/wp-json\/wp\/v2\/comments?post=7366"}],"version-history":[{"count":0,"href":"https:\/\/www.pacificadvent.com\/es\/wp-json\/wp\/v2\/pages\/7366\/revisions"}],"wp:attachment":[{"href":"https:\/\/www.pacificadvent.com\/es\/wp-json\/wp\/v2\/media?parent=7366"}],"wp:term":[{"taxonomy":"category","embeddable":true,"href":"https:\/\/www.pacificadvent.com\/es\/wp-json\/wp\/v2\/categories?post=7366"},{"taxonomy":"post_tag","embeddable":true,"href":"https:\/\/www.pacificadvent.com\/es\/wp-json\/wp\/v2\/tags?post=7366"}],"curies":[{"name":"wp","href":"https:\/\/api.w.org\/{rel}","templated":true}]}}