{"id":7369,"date":"2017-10-17T07:59:04","date_gmt":"2017-10-17T12:59:04","guid":{"rendered":"http:\/\/www.pacificadvent.com\/?page_id=7369"},"modified":"2021-10-23T05:31:05","modified_gmt":"2021-10-23T10:31:05","slug":"blog-senderismo-en-panama","status":"publish","type":"page","link":"https:\/\/www.pacificadvent.com\/es\/blog-senderismo-en-panama\/","title":{"rendered":"Aventuras Naturales y Senderismo en Panam\u00e1"},"content":{"rendered":"\n<p>Panam\u00e1 y Veraguas le permite pasar d\u00edas de caminatas, disfrutar de las excelentes vistas, oler las flores, y sudar, caminar por un sendero hacia una cascada lejana y solitaria o un acantilado para encontrarse con el horizonte del Oc\u00e9ano Pac\u00edfico, disfrutando de una puesta de sol inolvidable , pero m\u00e1s tarde al final de cada d\u00eda puedes patear esos zapatos.<\/p>\n\n\n\n<figure class=\"wp-block-image size-large\"><img decoding=\"async\" src=\"https:\/\/www.pacificadvent.com\/wp-content\/uploads\/2017\/11\/DJI_0023-crop.jpg\" alt=\"\" class=\"wp-image-8079\"\/><\/figure>\n\n\n\n<p>Con un aproximado de 32% de \u00e1rea terrestre y 12% de \u00e1reas marinas Panam\u00e1 est\u00e1 protegido por Parques Nacionales y Reservas Naturales, es un pa\u00eds que ofrece m\u00faltiples paisajes naturales donde explorarlos se vive y se disfruta mejor con una caminata.<\/p>\n\n\n\n<p>Las \u00e1reas protegidas constituyen el h\u00e1bitat de miles de especies de plantas y animales, muchos de ellos en peligro de extinci\u00f3n; al mismo tiempo conforman el escenario para m\u00faltiples procesos ecol\u00f3gicos y evolutivos \u00fanicos. Por otro lado contienen vestigios precolombinos y restos hisp\u00e1nicos que reafirman nuestra identidad como naci\u00f3n; adem\u00e1s de promover la conservaci\u00f3n de nuestras culturas aut\u00f3ctonas, integradas por las comunidades ind\u00edgenas, afro-caribe\u00f1as e hisp\u00e1nicas.<\/p>\n","protected":false},"excerpt":{"rendered":"<p>Panam\u00e1 y Veraguas le permite pasar d\u00edas de caminatas, disfrutar de las excelentes vistas, oler las flores, y sudar, caminar por un sendero hacia una cascada lejana y solitaria o un acantilado para encontrarse con el horizonte del Oc\u00e9ano Pac\u00edfico, disfrutando de una puesta de sol inolvidable , pero m\u00e1s tarde al final de cada [&hellip;]<\/p>\n","protected":false},"author":1,"featured_media":8092,"parent":0,"menu_order":0,"comment_status":"closed","ping_status":"closed","template":"","meta":{"_monsterinsights_skip_tracking":false,"_monsterinsights_sitenote_active":false,"_monsterinsights_sitenote_note":"","_monsterinsights_sitenote_category":0,"_uf_show_specific_survey":0,"_uf_disable_surveys":false,"footnotes":""},"categories":[193,163,156,145],"tags":[320,564],"class_list":["post-7369","page","type-page","status-publish","has-post-thumbnail","hentry","category-blog-es","category-senderismo","category-turismo-panama","category-turismo-veraguas","tag-hiking-trekking-panama","tag-senderismo-en-panama"],"aioseo_notices":[],"_links":{"self":[{"href":"https:\/\/www.pacificadvent.com\/es\/wp-json\/wp\/v2\/pages\/7369","targetHints":{"allow":["GET"]}}],"collection":[{"href":"https:\/\/www.pacificadvent.com\/es\/wp-json\/wp\/v2\/pages"}],"about":[{"href":"https:\/\/www.pacificadvent.com\/es\/wp-json\/wp\/v2\/types\/page"}],"author":[{"embeddable":true,"href":"https:\/\/www.pacificadvent.com\/es\/wp-json\/wp\/v2\/users\/1"}],"replies":[{"embeddable":true,"href":"https:\/\/www.pacificadvent.com\/es\/wp-json\/wp\/v2\/comments?post=7369"}],"version-history":[{"count":0,"href":"https:\/\/www.pacificadvent.com\/es\/wp-json\/wp\/v2\/pages\/7369\/revisions"}],"wp:featuredmedia":[{"embeddable":true,"href":"https:\/\/www.pacificadvent.com\/es\/wp-json\/wp\/v2\/media\/8092"}],"wp:attachment":[{"href":"https:\/\/www.pacificadvent.com\/es\/wp-json\/wp\/v2\/media?parent=7369"}],"wp:term":[{"taxonomy":"category","embeddable":true,"href":"https:\/\/www.pacificadvent.com\/es\/wp-json\/wp\/v2\/categories?post=7369"},{"taxonomy":"post_tag","embeddable":true,"href":"https:\/\/www.pacificadvent.com\/es\/wp-json\/wp\/v2\/tags?post=7369"}],"curies":[{"name":"wp","href":"https:\/\/api.w.org\/{rel}","templated":true}]}}