{"id":7372,"date":"2017-10-17T07:35:07","date_gmt":"2017-10-17T12:35:07","guid":{"rendered":"http:\/\/www.pacificadvent.com\/?page_id=7372"},"modified":"2021-10-23T08:47:14","modified_gmt":"2021-10-23T13:47:14","slug":"blog-panama-pesca-deportiva","status":"publish","type":"page","link":"https:\/\/www.pacificadvent.com\/es\/blog-panama-pesca-deportiva\/","title":{"rendered":"Pesca Deportiva en Panam\u00e1"},"content":{"rendered":"\n<p>Le ofrecemos pesca profesional offshore e inshore y estuarios (r\u00edo) en la costa de Veraguas y Pedas\u00ed en Panam\u00e1.  La mejor combinaci\u00f3n, lugares impresionantes junto a excelentes botes, equipo completo de pesca y capitanes con muchos a\u00f1os de experiencia.<\/p>\n\n\n\n<p>Independientemente de si usted es un pescador con experiencia o reci\u00e9n comienza, podemos personalizar un paquete de pesca para satisfacer sus necesidades espec\u00edficas. Ofrecemos viajes de pesca de 1 d\u00eda, as\u00ed como paquetes de vacaciones de pesca de 2, 3, 4 o 5 d\u00edas. Ya sea un alquiler de d\u00eda o un paquete de alojamiento y pesca de varios d\u00edas, podemos acomodarlo.<\/p>\n\n\n\n<p>Conocemos los mejores sitios de pesca deportiva como la Parque Nacional Coiba, Isla Cebaco o quedarse cerca de la costa en Mariato o el Golfo de Montijo y el m\u00e1gico Pedas\u00ed.<\/p>\n\n\n\n<p>Comience a planificar su aventura de pesca con la ayuda de uno de nuestros expertos en pesca visitando nuestra p\u00e1gina &#8220;Cont\u00e1ctenos&#8221;. \u00a1Esperamos poder pescar con usted, muy pronto!<\/p>\n","protected":false},"excerpt":{"rendered":"<p>Le ofrecemos pesca profesional offshore e inshore y estuarios (r\u00edo) en la costa de Veraguas y Pedas\u00ed en Panam\u00e1. La mejor combinaci\u00f3n, lugares impresionantes junto a excelentes botes, equipo completo de pesca y capitanes con muchos a\u00f1os de experiencia. Independientemente de si usted es un pescador con experiencia o reci\u00e9n comienza, podemos personalizar un paquete [&hellip;]<\/p>\n","protected":false},"author":1,"featured_media":8565,"parent":0,"menu_order":0,"comment_status":"closed","ping_status":"closed","template":"","meta":{"_monsterinsights_skip_tracking":false,"_monsterinsights_sitenote_active":false,"_monsterinsights_sitenote_note":"","_monsterinsights_sitenote_category":0,"_uf_show_specific_survey":0,"_uf_disable_surveys":false,"footnotes":""},"categories":[193],"tags":[573,571,562,565,566,570],"class_list":["post-7372","page","type-page","status-publish","has-post-thumbnail","hentry","category-blog-es","tag-alquiler-de-bote-panama","tag-pesca-deportiva-en-panama","tag-pesca-en-panama","tag-pesca-inshore-panama","tag-pesca-offshore-en-panama","tag-pesca-riverena-panama"],"aioseo_notices":[],"_links":{"self":[{"href":"https:\/\/www.pacificadvent.com\/es\/wp-json\/wp\/v2\/pages\/7372","targetHints":{"allow":["GET"]}}],"collection":[{"href":"https:\/\/www.pacificadvent.com\/es\/wp-json\/wp\/v2\/pages"}],"about":[{"href":"https:\/\/www.pacificadvent.com\/es\/wp-json\/wp\/v2\/types\/page"}],"author":[{"embeddable":true,"href":"https:\/\/www.pacificadvent.com\/es\/wp-json\/wp\/v2\/users\/1"}],"replies":[{"embeddable":true,"href":"https:\/\/www.pacificadvent.com\/es\/wp-json\/wp\/v2\/comments?post=7372"}],"version-history":[{"count":0,"href":"https:\/\/www.pacificadvent.com\/es\/wp-json\/wp\/v2\/pages\/7372\/revisions"}],"wp:featuredmedia":[{"embeddable":true,"href":"https:\/\/www.pacificadvent.com\/es\/wp-json\/wp\/v2\/media\/8565"}],"wp:attachment":[{"href":"https:\/\/www.pacificadvent.com\/es\/wp-json\/wp\/v2\/media?parent=7372"}],"wp:term":[{"taxonomy":"category","embeddable":true,"href":"https:\/\/www.pacificadvent.com\/es\/wp-json\/wp\/v2\/categories?post=7372"},{"taxonomy":"post_tag","embeddable":true,"href":"https:\/\/www.pacificadvent.com\/es\/wp-json\/wp\/v2\/tags?post=7372"}],"curies":[{"name":"wp","href":"https:\/\/api.w.org\/{rel}","templated":true}]}}