{"id":7596,"date":"2017-10-01T09:18:00","date_gmt":"2017-10-01T14:18:00","guid":{"rendered":"http:\/\/www.pacificadvent.com\/?page_id=7596"},"modified":"2021-10-23T10:49:21","modified_gmt":"2021-10-23T15:49:21","slug":"terminos-condiciones","status":"publish","type":"page","link":"https:\/\/www.pacificadvent.com\/es\/terminos-condiciones\/","title":{"rendered":"T\u00e9rminos y Condiciones"},"content":{"rendered":"<h2 style=\"text-align: left;\">General<\/h2>\n<ul style=\"text-align: justify;\">\n<li>Ning\u00fan agente, contratista o representante de <strong>Pacific Adventure Tours<\/strong> tiene autoridad para alterar, modificar o renunciar a cualquier disposici\u00f3n de estos T\u00e9rminos y Condiciones.<\/li>\n<li><strong>Pacific Adventure Tours<\/strong> se reserva el derecho de modificar en cualquier momento estos T\u00e9rminos y Condiciones e imponer t\u00e9rminos o condiciones nuevos o adicionales sobre el uso de los servicios ofrecidos por nosotros. Tales modificaciones y t\u00e9rminos y condiciones adicionales entrar\u00e1n en vigor inmediatamente y se incorporar\u00e1n a estos T\u00e9rminos y Condiciones.<\/li>\n<\/ul>\n<h2 style=\"text-align: left;\">Reservas<\/h2>\n<ul style=\"text-align: justify;\">\n<li>Su reserva no est\u00e1 confirmada y el pago no se considera realizado hasta que el dep\u00f3sito sea recibido por <strong>Pacific Adventure Tours<\/strong> y reciba una factura de confirmaci\u00f3n. Su reserva ser\u00e1 cancelada autom\u00e1ticamente si el pago completo no es recibido, al menos 5 d\u00edas antes de la fecha de su tour.<\/li>\n<li>Por favor, revise y verifique su factura de reserva en detalle y comun\u00edquese con nosotros inmediatamente; si su factura parece ser incorrecta o incompleta, ya que puede que no sea posible realizar cambios m\u00e1s adelante. <strong>Pacific Adventure Tours<\/strong> no puede aceptar responsabilidad si no se nos notifica de las inexactitudes dentro de los 5 d\u00edas siguientes al env\u00edo de la factura. En el caso de errores de facturaci\u00f3n, nos reservamos el derecho de volver a facturarle con precios correctos.<\/li>\n<li>La reserva puede ser modificada con anticipaci\u00f3n, envi\u00e1ndonos un correo a&nbsp;<a href=\"mailto:info@pacificadvent.com\" target=\"_blank\" rel=\"noopener\">info@pacificadvent.com<\/a>. Se debe hacerse a m\u00e1s tardar 3 d\u00edas antes de la salida del viaje original.<\/li>\n<\/ul>\n<h2 style=\"text-align: left;\">Pagos y&nbsp; Dep\u00f3sitos<\/h2>\n<ul style=\"text-align: justify;\">\n<li>Todas nuestras tarifas son en d\u00f3lares americanos e incluyen todos los impuestos y cargos.&nbsp; Aceptamos efectivo, Visa, MasterCard y American Express.<\/li>\n<li>El pago final de su tour se vence 5 d\u00edas antes de la salida. Si el pago final no se recibe en la fecha de vencimiento, su reserva ser\u00e1 cancelada y su dep\u00f3sito completo ser\u00e1 retenido por Pacific Adventure Tours.<\/li>\n<li>Su reservaci\u00f3n ser\u00e1 cancelada autom\u00e1ticamente si su dep\u00f3sito no es recibido antes de la fecha de vencimiento.<\/li>\n<li>50% de deposito es requerido al momento de hacer la reserva y mantener una confirmaci\u00f3n de su fecha de viaje, de esta manera se garantiza tu viaje.<\/li>\n<li>Realizar el pago del dep\u00f3sito indica que usted ha le\u00eddo y aceptado nuestros t\u00e9rminos y condiciones.<\/li>\n<li><strong>Los dep\u00f3sitos no son reembolsables.<\/strong><\/li>\n<\/ul>\n<h2 style=\"text-align: left;\">Pol\u00edticas de Cancelaci\u00f3n<\/h2>\n<ul style=\"text-align: justify;\">\n<li>Entendemos que pueden surgir circunstancias que pueden cambiar sus planes de viaje. Teniendo esto en cuenta, con mucho gusto le daremos un reembolso por cualquier reserva cancelada con un m\u00ednimo de cuarenta y ocho (48) horas de antelaci\u00f3n antes de la hora de salida. Hay una cuota de procesamiento de $ 30.00 por cualquier cancelaci\u00f3n en cualquier momento despu\u00e9s de la reserva y antes de las cuarenta y ocho (48) horas antes de la hora de salida.<\/li>\n<li>No habr\u00e1 reembolso en caso de cancelaciones realizadas por tel\u00e9fono o en persona. Las cancelaciones deben ser enviadas por correo electr\u00f3nico a nuestro Departamento de Reservaciones:&nbsp;<a href=\"mailto:info@pacificadvent.com\" target=\"_blank\" rel=\"noopener\">info@pacificadvent.com<\/a><\/li>\n<li>No se realizar\u00e1n reembolsos en caso de que la reserva se cancele o cambie a menos de 48 horas antes de la hora de salida, o en caso de abandono de la reserva (no show). Esto incluye las reservas realizadas dentro de las 48 horas de la hora de salida.<\/li>\n<li>Las porciones del paquete \/ tour no utilizadas, por decisi\u00f3n del cliente o pasajeros, no ser\u00e1n reembolsables una vez que el paquete \/ tour est\u00e1 en curso.<\/li>\n<\/ul>\n<h2 style=\"text-align: left;\">Horarios y demoras en el viaje<\/h2>\n<ul>\n<li style=\"text-align: justify;\"><strong>Pacific Adventure Tours<\/strong> no se hace responsable de los retrasos significativos en los itinerarios de viaje debido al tr\u00e1fico, condiciones meteorol\u00f3gicas, condiciones de carreteras, o cualquier otra circunstancia imprevista. Bajo tales condiciones, nos reservamos el derecho de cancelar y reembolsar las reservas con antelaci\u00f3n a la recogida programada.<\/li>\n<li style=\"text-align: justify;\"><strong>Horarios de Viaje<\/strong>: A diferencia del transporte terrestre, nuestros viajes pueden tardar m\u00e1s tiempo, mientras los clientes esperan a que los dem\u00e1s pasajeros carguen o descarguen. Adem\u00e1s de ser afectado por otros pasajeros que comparten el viaje, el tiempo de viaje depende de la geograf\u00eda, el clima, la condici\u00f3n de la marea, la hora del d\u00eda y las condiciones del tr\u00e1fico. Debido a estas variables, no podemos proporcionar un tiempo de viaje exacto.<\/li>\n<li style=\"text-align: justify;\">A veces puede haber retrasos y cambios en las operaciones normales debido al clima severo y incidencias externas. Siempre que sea posible, <strong>Pacific Adventure Tours<\/strong> publicar\u00e1 informaci\u00f3n en sus redes sociales u otras formas de comunicaci\u00f3n, para notificar a los clientes con anticipaci\u00f3n.<\/li>\n<li style=\"text-align: justify;\">Los pasajeros ser\u00e1n contactado por nuestros agentes en el lugar indicado en el itinerario del tour, y tras identificarse con su pasaporte o documento de identidad y mencionar el c\u00f3digo de confirmaci\u00f3n de reserva, bastar\u00e1 con el inicio de la prestaci\u00f3n de los servicios.<\/li>\n<\/ul>\n","protected":false},"excerpt":{"rendered":"<p>General Ning\u00fan agente, contratista o representante de Pacific Adventure Tours tiene autoridad para alterar, modificar o renunciar a cualquier disposici\u00f3n de estos T\u00e9rminos y Condiciones. Pacific Adventure Tours se reserva el derecho de modificar en cualquier momento estos T\u00e9rminos y Condiciones e imponer t\u00e9rminos o condiciones nuevos o adicionales sobre el uso de los servicios [&hellip;]<\/p>\n","protected":false},"author":1,"featured_media":21126,"parent":0,"menu_order":0,"comment_status":"closed","ping_status":"closed","template":"","meta":{"_monsterinsights_skip_tracking":false,"_monsterinsights_sitenote_active":false,"_monsterinsights_sitenote_note":"","_monsterinsights_sitenote_category":0,"_uf_show_specific_survey":0,"_uf_disable_surveys":false,"footnotes":""},"categories":[],"tags":[],"class_list":["post-7596","page","type-page","status-publish","has-post-thumbnail","hentry"],"aioseo_notices":[],"_links":{"self":[{"href":"https:\/\/www.pacificadvent.com\/es\/wp-json\/wp\/v2\/pages\/7596","targetHints":{"allow":["GET"]}}],"collection":[{"href":"https:\/\/www.pacificadvent.com\/es\/wp-json\/wp\/v2\/pages"}],"about":[{"href":"https:\/\/www.pacificadvent.com\/es\/wp-json\/wp\/v2\/types\/page"}],"author":[{"embeddable":true,"href":"https:\/\/www.pacificadvent.com\/es\/wp-json\/wp\/v2\/users\/1"}],"replies":[{"embeddable":true,"href":"https:\/\/www.pacificadvent.com\/es\/wp-json\/wp\/v2\/comments?post=7596"}],"version-history":[{"count":0,"href":"https:\/\/www.pacificadvent.com\/es\/wp-json\/wp\/v2\/pages\/7596\/revisions"}],"wp:featuredmedia":[{"embeddable":true,"href":"https:\/\/www.pacificadvent.com\/es\/wp-json\/wp\/v2\/media\/21126"}],"wp:attachment":[{"href":"https:\/\/www.pacificadvent.com\/es\/wp-json\/wp\/v2\/media?parent=7596"}],"wp:term":[{"taxonomy":"category","embeddable":true,"href":"https:\/\/www.pacificadvent.com\/es\/wp-json\/wp\/v2\/categories?post=7596"},{"taxonomy":"post_tag","embeddable":true,"href":"https:\/\/www.pacificadvent.com\/es\/wp-json\/wp\/v2\/tags?post=7596"}],"curies":[{"name":"wp","href":"https:\/\/api.w.org\/{rel}","templated":true}]}}