{"id":7602,"date":"2017-01-25T06:52:02","date_gmt":"2017-01-25T11:52:02","guid":{"rendered":"http:\/\/www.pacificadvent.com\/?page_id=7602"},"modified":"2021-10-23T07:35:13","modified_gmt":"2021-10-23T12:35:13","slug":"mejores-destinos-de-panama","status":"publish","type":"page","link":"https:\/\/www.pacificadvent.com\/es\/mejores-destinos-de-panama\/","title":{"rendered":"Mejores Destinos de Panam\u00e1"},"content":{"rendered":"\n<h1 class=\"wp-block-heading\">Veraguas, Panam\u00e1<\/h1>\n\n\n\n<p>Es el hogar de 40 islas, entre ellas el Parque Nacional de Coiba en Panam\u00e1, uno de los mejores sitios de buceo. Isla Coiba, que es la m\u00e1s grande de Am\u00e9rica Central. Luego est\u00e1 la isla de Cebaco en el Golfo de Montijo, Isla Gobernadora y muchos m\u00e1s. Los turistas tambi\u00e9n pueden encontrar una gran variedad de flora y fauna, as\u00ed como muchas tradiciones, costumbres y leyendas. Veraguas tambi\u00e9n ofrece abundante naturaleza, bosques, monta\u00f1as, playas y m\u00e1s de 200 variedades de orqu\u00eddeas. Los visitantes tambi\u00e9n pueden ver m\u00e1s de 400 especies de aves y mam\u00edferos, reptiles e insectos. Los surfistas estar\u00e1n especialmente encantados con playas como Playa Catalina, Mariato, Malena y Torio.<\/p>\n\n\n\n<p>Tambi\u00e9n debe conocer el famoso Golfo de Montijo, declarado un sitio RAMSAR con su riqueza natural sin igual, especialmente para la observaci\u00f3n de aves y la pesca deportiva.<\/p>\n\n\n\n<p>No se pierda el Parque Nacional Cerro Hoya, un Parque Nacional remoto y de dif\u00edcil acceso que protege 30 especies de plantas end\u00e9micas y alberga animales como el venado de cola blanca, el ocelote, el fais\u00e1n, el orificio y el guacamayo verde.<\/p>\n\n\n\n<p>En la isla de Coiba encontrar\u00e1 bosques primarios, playas, manglares y arrecifes de coral. Las aguas que rodean la isla Coiba est\u00e1n llenas de peces y animales marinos y la isla est\u00e1 rodeada por uno de los arrecifes de coral m\u00e1s grandes del Pac\u00edfico de las Am\u00e9ricas, por lo que es uno de los mejores destinos de las Am\u00e9ricas para bucear.<\/p>\n\n\n\n<p>Si te gustan las temperaturas m\u00e1s fr\u00edas, no debes perderte Santa Fe, una peque\u00f1a ciudad en las monta\u00f1as y hogar de muchas orqu\u00eddeas. Puede llegar a Santa Fe en aproximadamente una hora desde Santiago y tendr\u00e1 una magn\u00edfica vista de las tierras de Veraguas y el Golfo de Montijo.<\/p>\n\n\n\n<p>La peque\u00f1a ciudad de Atalaya se encuentra a unos 24 km de Santiago y es famosa por su turismo religioso. Todos los a\u00f1os, en febrero, un peregrinaje nos conduce hacia a la Bas\u00edlica Menor de San Miguel Arc\u00e1ngel, que es un Monumento Hist\u00f3rico.<\/p>\n\n\n\n<h2 class=\"wp-block-heading\">Pedas\u00ed, Panam\u00e1<\/h2>\n\n\n\n<p>Es un antiguo pueblo de pescadores, ubicado en la pen\u00ednsula de Azuero de Panam\u00e1, es el hogar de una gran y creciente comunidad de expatriados, extranjeros, jubilados y propietarios de segundas residencias de todo el mundo. <\/p>\n\n\n\n<p>El gran atractivo es la costa del Pac\u00edfico virgen. Playa Venao es famosa por sus excelentes y consistentes olas para el surf y es sede de competiciones internacionales de surf. <\/p>\n\n\n\n<p>Pedas\u00ed es tambi\u00e9n el sue\u00f1o de cualquier pescador deportivo. Cerca de la costa, la plataforma continental cae dr\u00e1sticamente, creando un escenario \u00fanico para los amantes de este deporte, por algo le llaman la Costa del At\u00fan. <\/p>\n\n\n\n<p>Este es tambi\u00e9n uno de los mejores lugares para ver la migraci\u00f3n anual de ballenas jorobadas, que desde la playa se pueden apreciar estas majestuosas criaturas. <\/p>\n\n\n\n<p>Pedas\u00ed todav\u00eda conserva sus t\u00edpicas casas coloniales de altos tejados y frescos portales, sostenidos por columnas de madera y pintadas en colores vivos, donde sus habitantes encuentran el tiempo para conversar largo rato con familiares y amigos. La vida se mueve despacio aqu\u00ed, un lugar perfecto para descansar y relajarse.<\/p>\n","protected":false},"excerpt":{"rendered":"<p>Veraguas, Panam\u00e1 Es el hogar de 40 islas, entre ellas el Parque Nacional de Coiba en Panam\u00e1, uno de los mejores sitios de buceo. Isla Coiba, que es la m\u00e1s grande de Am\u00e9rica Central. Luego est\u00e1 la isla de Cebaco en el Golfo de Montijo, Isla Gobernadora y muchos m\u00e1s. Los turistas tambi\u00e9n pueden encontrar [&hellip;]<\/p>\n","protected":false},"author":1,"featured_media":6897,"parent":0,"menu_order":0,"comment_status":"closed","ping_status":"closed","template":"","meta":{"_monsterinsights_skip_tracking":false,"_monsterinsights_sitenote_active":false,"_monsterinsights_sitenote_note":"","_monsterinsights_sitenote_category":0,"_uf_show_specific_survey":0,"_uf_disable_surveys":false,"footnotes":""},"categories":[193],"tags":[569,563,561,568,575],"class_list":["post-7602","page","type-page","status-publish","has-post-thumbnail","hentry","category-blog-es","tag-destinos-turisticos-en-panama","tag-golfo-de-montijo","tag-isla-coiba","tag-pedasi-es","tag-turismo-en-panama"],"aioseo_notices":[],"_links":{"self":[{"href":"https:\/\/www.pacificadvent.com\/es\/wp-json\/wp\/v2\/pages\/7602","targetHints":{"allow":["GET"]}}],"collection":[{"href":"https:\/\/www.pacificadvent.com\/es\/wp-json\/wp\/v2\/pages"}],"about":[{"href":"https:\/\/www.pacificadvent.com\/es\/wp-json\/wp\/v2\/types\/page"}],"author":[{"embeddable":true,"href":"https:\/\/www.pacificadvent.com\/es\/wp-json\/wp\/v2\/users\/1"}],"replies":[{"embeddable":true,"href":"https:\/\/www.pacificadvent.com\/es\/wp-json\/wp\/v2\/comments?post=7602"}],"version-history":[{"count":0,"href":"https:\/\/www.pacificadvent.com\/es\/wp-json\/wp\/v2\/pages\/7602\/revisions"}],"wp:featuredmedia":[{"embeddable":true,"href":"https:\/\/www.pacificadvent.com\/es\/wp-json\/wp\/v2\/media\/6897"}],"wp:attachment":[{"href":"https:\/\/www.pacificadvent.com\/es\/wp-json\/wp\/v2\/media?parent=7602"}],"wp:term":[{"taxonomy":"category","embeddable":true,"href":"https:\/\/www.pacificadvent.com\/es\/wp-json\/wp\/v2\/categories?post=7602"},{"taxonomy":"post_tag","embeddable":true,"href":"https:\/\/www.pacificadvent.com\/es\/wp-json\/wp\/v2\/tags?post=7602"}],"curies":[{"name":"wp","href":"https:\/\/api.w.org\/{rel}","templated":true}]}}