{"id":7968,"date":"2017-01-30T10:36:39","date_gmt":"2017-01-30T15:36:39","guid":{"rendered":"http:\/\/www.pacificadvent.com\/?page_id=7968"},"modified":"2021-10-23T10:53:09","modified_gmt":"2021-10-23T15:53:09","slug":"panama-tours-un-dia","status":"publish","type":"page","link":"https:\/\/www.pacificadvent.com\/es\/panama-tours-un-dia\/","title":{"rendered":"Tours de un D\u00eda en Panam\u00e1"},"content":{"rendered":"\n<p>Ofrecemos diferentes alternativas para pasar un d\u00eda de aventura en Panam\u00e1, rodeado de naturaleza y buena compa\u00f1\u00eda, siempre comenzando con un paseo privado en bote, luego visitas a islas paradisiacas, avistamiento de cet\u00e1ceos, pesca deportiva y mucho m\u00e1s.<\/p>\n\n\n\n<h2 class=\"wp-block-heading\">Aventuras y Actividades Naturales en Panam\u00e1<\/h2>\n\n\n\n<p>Observe atentamente los alrededores del Golfo de Montijo, rico en vida silvestre, prometemos avistamientos de vida salvaje desde el amanecer hasta el anochecer. Su aventura estar\u00e1 totalmente guiada por expertos locales, ellos ser\u00e1n m\u00e1s que un simple gu\u00eda, sentir\u00e1s como eres parte de la familia Pacific Adventure.  <\/p>\n\n\n\n<p>Las atenciones y detalles de los gu\u00edas comunitarios locales son la diferencia entre un viaje y la aventura que recordaras toda la vida \u2026 te mostraremos lugares secretos en formas que no podr\u00edas experimentar, con nadie m\u00e1s, para satisfacer tu esp\u00edritu aventurero, curiosidad, sed de nuevos conocimientos o amor por la naturaleza.<\/p>\n\n\n\n<p>Deguste una jugosa langosta reci\u00e9n salida del mar, preparada, con una receta local, minutos antes ser puesta ante sus ojos.<\/p>\n\n\n\n<p>Ofrecemos una aventura m\u00e1gica desde tierra y mar, recorra la espesa jungla de Coiba, el 80% de esta se mantiene virgen, escuche los monos aulladores o aviste en alguna rama los monos capuchinos de cara blancos o vea como las guacamayas banderas surcan el cielo libres como el viento. O sum\u00e9rjase en los coloridos y poco profundo arrecifes , llenos de peces de colores, nade con amistosas tortugas marinas o el pez m\u00e1s grande del mundo, el tiburones ballena, en nuestros tours de esn\u00f3rquel  y sea testigo de otras maravillas naturales y la vida salvaje que no se encuentran en ning\u00fan otro lugar del mundo.<\/p>\n\n\n\n<h2 class=\"wp-block-heading\">Pesca Deportiva en Panam\u00e1<\/h2>\n\n\n\n<p>Nuestros Tours de Pesca Deportiva ofrecen una forma emocionante de pasar el d\u00eda y est\u00e1 dise\u00f1ada para todos, desde grandes y peque\u00f1os de la familia, tengas experiencia o simplemente quieras aprender con nosotros.<\/p>\n\n\n\n<p>La pesca es una alternativa fant\u00e1stica para salir del agua, divertirse y aprender m\u00e1s sobre el entorno marino local. Todo el equipo de pesca y de seguridad es proporcionado a bordo, por lo que no es necesario traer nada, \u00a1Simplemente v\u00edstase para el ocasi\u00f3n!<\/p>\n\n\n\n<h2 class=\"wp-block-heading\">Tours Privados y Familiares post COVID<\/h2>\n\n\n\n<p>Ofrecemos reservas para viajes privados,&nbsp; desde d\u00edas en familia, formaci\u00f3n de equipos corporativos, viajes educativos hasta obsequios de cumplea\u00f1os y despedidas de solteros.  Especiales para guardar el distanciamiento social con otros grupos y disfrutar de una manera intima con la naturaleza, en lugares donde no encontrar\u00e1s las grandes multitudes. <\/p>\n","protected":false},"excerpt":{"rendered":"<p>Ofrecemos diferentes alternativas para pasar un d\u00eda de aventura en Panam\u00e1, rodeado de naturaleza y buena compa\u00f1\u00eda, siempre comenzando con un paseo privado en bote, luego visitas a islas paradisiacas, avistamiento de cet\u00e1ceos, pesca deportiva y mucho m\u00e1s. Aventuras y Actividades Naturales en Panam\u00e1 Observe atentamente los alrededores del Golfo de Montijo, rico en vida [&hellip;]<\/p>\n","protected":false},"author":1,"featured_media":21266,"parent":0,"menu_order":0,"comment_status":"closed","ping_status":"closed","template":"","meta":{"_monsterinsights_skip_tracking":false,"_monsterinsights_sitenote_active":false,"_monsterinsights_sitenote_note":"","_monsterinsights_sitenote_category":0,"_uf_show_specific_survey":0,"_uf_disable_surveys":false,"footnotes":""},"categories":[193],"tags":[563,579,561,568,571,562,565,566,570,559,575],"class_list":["post-7968","page","type-page","status-publish","has-post-thumbnail","hentry","category-blog-es","tag-golfo-de-montijo","tag-isla-cebaco","tag-isla-coiba","tag-pedasi-es","tag-pesca-deportiva-en-panama","tag-pesca-en-panama","tag-pesca-inshore-panama","tag-pesca-offshore-en-panama","tag-pesca-riverena-panama","tag-tour-de-playa-esnorquel-panama","tag-turismo-en-panama"],"aioseo_notices":[],"_links":{"self":[{"href":"https:\/\/www.pacificadvent.com\/es\/wp-json\/wp\/v2\/pages\/7968","targetHints":{"allow":["GET"]}}],"collection":[{"href":"https:\/\/www.pacificadvent.com\/es\/wp-json\/wp\/v2\/pages"}],"about":[{"href":"https:\/\/www.pacificadvent.com\/es\/wp-json\/wp\/v2\/types\/page"}],"author":[{"embeddable":true,"href":"https:\/\/www.pacificadvent.com\/es\/wp-json\/wp\/v2\/users\/1"}],"replies":[{"embeddable":true,"href":"https:\/\/www.pacificadvent.com\/es\/wp-json\/wp\/v2\/comments?post=7968"}],"version-history":[{"count":0,"href":"https:\/\/www.pacificadvent.com\/es\/wp-json\/wp\/v2\/pages\/7968\/revisions"}],"wp:featuredmedia":[{"embeddable":true,"href":"https:\/\/www.pacificadvent.com\/es\/wp-json\/wp\/v2\/media\/21266"}],"wp:attachment":[{"href":"https:\/\/www.pacificadvent.com\/es\/wp-json\/wp\/v2\/media?parent=7968"}],"wp:term":[{"taxonomy":"category","embeddable":true,"href":"https:\/\/www.pacificadvent.com\/es\/wp-json\/wp\/v2\/categories?post=7968"},{"taxonomy":"post_tag","embeddable":true,"href":"https:\/\/www.pacificadvent.com\/es\/wp-json\/wp\/v2\/tags?post=7968"}],"curies":[{"name":"wp","href":"https:\/\/api.w.org\/{rel}","templated":true}]}}