{"id":7971,"date":"2017-01-30T10:37:03","date_gmt":"2017-01-30T15:37:03","guid":{"rendered":"http:\/\/www.pacificadvent.com\/?page_id=7971"},"modified":"2021-10-23T07:46:15","modified_gmt":"2021-10-23T12:46:15","slug":"los-mejores-tours-en-panama","status":"publish","type":"page","link":"https:\/\/www.pacificadvent.com\/es\/los-mejores-tours-en-panama\/","title":{"rendered":"Los Mejores Tours en Panam\u00e1"},"content":{"rendered":"\n<p>Les presentamos nuestros mejores Tours de Vacaciones en Panam\u00e1, nuestros destinos ofrecen gran variedad de actividades que puede realizar, ya sea solo, en pareja o en compa\u00f1\u00eda de amigos o familiares.&nbsp; Todos nuestros Tours son privados, lo que le asegura un nivel de comodidad superior, venga y conozca la magia de Cebaco, el magnetismo de Pedas\u00ed, el misterio de Coiba, el lado salvaje del Golfo de Montijo o simplemente sienta la adrenalina en nuestros Tours de Pesca Deportiva.<\/p>\n\n\n\n<p>Con suerte encontraremos grandes amigos, que durante el camino nos escoltar\u00e1n, los delfines y tortugas se pueden ver durante todo el a\u00f1o y las gigantes ballenas jorobadas o yubartas de julio a octubre.<\/p>\n\n\n\n<h2 class=\"wp-block-heading\">Grupos peque\u00f1os, significa grandes e inolvidables experiencias.<\/h2>\n\n\n\n<p>Nuestros viajes en grupos peque\u00f1os, con un promedio de 6 invitados, est\u00e1n dise\u00f1ados para viajeros que desean m\u00e1s tiempo para experimentar cada destino, de manera m\u00e1s personal, con acceso \u00fanico a aut\u00e9nticas experiencias naturales , nuestra pol\u00edtica asegura una mejor atenci\u00f3n y servicio personalizado, le permite involucrarse m\u00e1s de cerca con nuestra naturaleza y la gente local de los destino que  visitamos.<\/p>\n","protected":false},"excerpt":{"rendered":"<p>Les presentamos nuestros mejores Tours de Vacaciones en Panam\u00e1, nuestros destinos ofrecen gran variedad de actividades que puede realizar, ya sea solo, en pareja o en compa\u00f1\u00eda de amigos o familiares.&nbsp; Todos nuestros Tours son privados, lo que le asegura un nivel de comodidad superior, venga y conozca la magia de Cebaco, el magnetismo de [&hellip;]<\/p>\n","protected":false},"author":1,"featured_media":0,"parent":0,"menu_order":0,"comment_status":"closed","ping_status":"closed","template":"","meta":{"_monsterinsights_skip_tracking":false,"_monsterinsights_sitenote_active":false,"_monsterinsights_sitenote_note":"","_monsterinsights_sitenote_category":0,"_uf_show_specific_survey":0,"_uf_disable_surveys":false,"footnotes":""},"categories":[193],"tags":[575,577],"class_list":["post-7971","page","type-page","status-publish","hentry","category-blog-es","tag-turismo-en-panama","tag-vacaciones-en-panama"],"aioseo_notices":[],"_links":{"self":[{"href":"https:\/\/www.pacificadvent.com\/es\/wp-json\/wp\/v2\/pages\/7971","targetHints":{"allow":["GET"]}}],"collection":[{"href":"https:\/\/www.pacificadvent.com\/es\/wp-json\/wp\/v2\/pages"}],"about":[{"href":"https:\/\/www.pacificadvent.com\/es\/wp-json\/wp\/v2\/types\/page"}],"author":[{"embeddable":true,"href":"https:\/\/www.pacificadvent.com\/es\/wp-json\/wp\/v2\/users\/1"}],"replies":[{"embeddable":true,"href":"https:\/\/www.pacificadvent.com\/es\/wp-json\/wp\/v2\/comments?post=7971"}],"version-history":[{"count":0,"href":"https:\/\/www.pacificadvent.com\/es\/wp-json\/wp\/v2\/pages\/7971\/revisions"}],"wp:attachment":[{"href":"https:\/\/www.pacificadvent.com\/es\/wp-json\/wp\/v2\/media?parent=7971"}],"wp:term":[{"taxonomy":"category","embeddable":true,"href":"https:\/\/www.pacificadvent.com\/es\/wp-json\/wp\/v2\/categories?post=7971"},{"taxonomy":"post_tag","embeddable":true,"href":"https:\/\/www.pacificadvent.com\/es\/wp-json\/wp\/v2\/tags?post=7971"}],"curies":[{"name":"wp","href":"https:\/\/api.w.org\/{rel}","templated":true}]}}