{"id":7991,"date":"2021-08-09T18:58:08","date_gmt":"2021-08-09T23:58:08","guid":{"rendered":"http:\/\/www.pacificadvent.com\/?page_id=7991"},"modified":"2021-10-23T10:43:23","modified_gmt":"2021-10-23T15:43:23","slug":"politicas-de-sostenibilidad","status":"publish","type":"page","link":"https:\/\/www.pacificadvent.com\/es\/politicas-de-sostenibilidad\/","title":{"rendered":"Pol\u00edticas de Sostenibilidad"},"content":{"rendered":"\n<p>Para Pacifc Adventure Tours es de suma importancia diferenciarse en el mercado por brindar un servicio de calidad, as\u00ed como por su compromiso con el ambiente operando bajo un modelo de sostenibilidad, por lo que ha dise\u00f1ado las siguientes pol\u00edticas y medidas para una gesti\u00f3n amigable con el ambiente y de promoci\u00f3n del turismo sostenible.<\/p>\n\n\n\n<div class=\"wp-block-media-text alignwide is-stacked-on-mobile\"><figure class=\"wp-block-media-text__media\"><img decoding=\"async\" width=\"960\" height=\"640\" src=\"https:\/\/www.pacificadvent.com\/wp-content\/uploads\/2020\/04\/batea-de-mariscos.jpg\" alt=\"Leones Island Seafood Platter\" class=\"wp-image-20911 size-full\" srcset=\"https:\/\/www.pacificadvent.com\/wp-content\/uploads\/2020\/04\/batea-de-mariscos.jpg 960w, https:\/\/www.pacificadvent.com\/wp-content\/uploads\/2020\/04\/batea-de-mariscos-300x200.jpg 300w, https:\/\/www.pacificadvent.com\/wp-content\/uploads\/2020\/04\/batea-de-mariscos-150x100.jpg 150w, https:\/\/www.pacificadvent.com\/wp-content\/uploads\/2020\/04\/batea-de-mariscos-768x512.jpg 768w, https:\/\/www.pacificadvent.com\/wp-content\/uploads\/2020\/04\/batea-de-mariscos-66x45.jpg 66w\" sizes=\"(max-width: 960px) 100vw, 960px\" \/><\/figure><div class=\"wp-block-media-text__content\">\n<p>Dado que en un destino interact\u00faan varios actores, la gesti\u00f3n y manejo son responsabilidad colectiva, de esta forma la implementaci\u00f3n de buenas pr\u00e1cticas es un compromiso de todos: empresarios, instituciones, visitantes y comunidad local. Cada actor puede, desde su que hacer cotidiano, aportar para mejorar el desempe\u00f1o ambiental, social y econ\u00f3mico, disminuir los impactos negativos, promover las actividades de mejora, dando como resultado un destino tur\u00edstico sostenible, diferenciado y con calidad.<\/p>\n\n\n\n<p>El turismo debe producir beneficios tanto a los empresarios del sector como a la comunidad local, generando estrategias de inclusi\u00f3n y avances en la capacitaci\u00f3n, el adiestramiento, la sensibilizaci\u00f3n y el respeto de los valores sociales y culturales, y proponiendo nuevas alternativas de trabajo.<\/p>\n<\/div><\/div>\n\n\n\n<h2 class=\"wp-block-heading\">Objetivos<\/h2>\n\n\n\n<ul class=\"wp-block-list\"><li>Garantizar que la actividad tur\u00edstica produzca el menor impacto negativo posible.<\/li><li>Apoyar diversos proyectos locales por su car\u00e1cter ecol\u00f3gico y\/o sociocultural, mediante su inclusi\u00f3n en nuestras negociaciones de productos y servicios.<\/li><li>Mejorar la calidad de los destinos tur\u00edsticos y la imagen frente a los turistas y visitantes.<\/li><li>Lograr un mayor compromiso de conservaci\u00f3n con nuestro entorno y las comunidades receptivas.<\/li><li>Gestionar de manera responsable el patrimonio cultural y natural.<\/li><li>Promover la conservaci\u00f3n y el uso sostenible de los recursos naturales.<\/li><li>Valorar y respetar las diferencias culturales.<\/li><li>Promover la responsabilidad social.<\/li><li>Garantizar la calidad de nuestros productos y servicios.<\/li><\/ul>\n\n\n\n<h2 class=\"wp-block-heading\">Pol\u00edtica Ambiental<\/h2>\n\n\n\n<p>La sostenibilidad constituye un valor para la empresa, donde se promueve el uso de pr\u00e1cticas sostenibles para trabajar bajo un modelo de sostenibilidad que cause el menor impacto posible en el ambiente.<\/p>\n\n\n\n<ul class=\"wp-block-list\"><li>Estamos en constante capacitaci\u00f3n en temas de sostenibilidad, para que en este sentido todos los colaboradores est\u00e9n bien informados y orientados en la gesti\u00f3n sostenible de nuestra empresa.<\/li><li>Damos un manejo adecuado de los desechos, resultado de los diferentes tours as\u00ed como de la operaci\u00f3n en oficina. Por ejemplo, las latas de aluminio son donadas a un vecino de la comunidad para que sean recicladas y al mismo tiempo obtenga ingresos.&nbsp; Nuestra basura, regresa con nosotros.<\/li><li>Los servicios de transporte ya sean terrestres o acu\u00e1ticos est\u00e1n al d\u00eda con la Revisi\u00f3n T\u00e9cnica Vehicular, el Seguro Obligatorio para el veh\u00edculo y sus pasajeros.<\/li><li>Motivamos a los colaboradores para que a trav\u00e9s de su trato e interacci\u00f3n con el cliente, lo involucren dentro de los conceptos de sostenibilidad en los que participa la empresa.<\/li><li>Hacemos uso racional de la energ\u00eda, mediante pr\u00e1cticas de reducci\u00f3n.<\/li><li>Sobre todo evitamos el desperdicio y contaminaci\u00f3n del recurso h\u00eddrico, para contribuir a su conservaci\u00f3n.<\/li><li>Siempre hemos tomado medidas que garanticen y controlen el ahorro de agua y electricidad. Como la cosecha de agua en nuestras instalaciones en el Bongo de Montijo.<\/li><li>Los grupos con los que opera la empresa son peque\u00f1os, lo que permita ocasionar el menor impacto en el ambiente posible; para de este modo garantizar el disfrute de las generaciones actuales como de las futuras de los diferentes atractivos tur\u00edsticos con que contamos.<\/li><li>De los proveedores de la empresa m\u00e1s del 50%&nbsp;&nbsp;son locales y procuramos que participen en alg\u00fan programa, norma o certificaci\u00f3n que los identifique por sus pr\u00e1cticas de turismo sostenible.<\/li><li>Para el aseo y limpieza de nuestras instalaciones, se da prioridad a productos que sean amigables con el ambiente, ya sean org\u00e1nicos o de r\u00e1pida descomposici\u00f3n.<\/li><li>El uso de sustancias como el cloro, que ocasionan un gran impacto y deterioro en el ambiente y sus ecosistemas, no est\u00e1 permitido.<\/li><li>Se desarrollan y apoyan campa\u00f1as de reciclaje que motiven a los clientes y personas de la comunidad a participar y ser parte de una cultura social beneficiosa con el ambiente.<\/li><li>Trabajamos con el fin de proteger y reafirmar los valores de nuestros atractivos naturales y que nos hacen ser reconocidos a nivel internacional como un pa\u00eds de gran riqueza y de conservaci\u00f3n, practicante del turismo sostenible.<\/li><li>Durante las visitas a \u00e1reas protegidas se orienta a los turistas a respetar y cuidar los ecosistemas presentes, as\u00ed como a evitar situaciones de extracci\u00f3n de especies de flora y fauna, la alimentaci\u00f3n y caza de animales.<\/li><li>Ofrecer a nuestros clientes una experiencia \u00fanica y reconfortante de turismo sostenible, donde se aprecie la importancia de la conservaci\u00f3n y riqueza natural con que contamos para un disfrute y aprovechamiento responsable.<\/li><\/ul>\n\n\n\n<h2 class=\"wp-block-heading\"><strong>Flora y Fauna<\/strong><\/h2>\n\n\n\n<div class=\"wp-block-media-text alignwide is-stacked-on-mobile\"><figure class=\"wp-block-media-text__media\"><img decoding=\"async\" width=\"1024\" height=\"683\" src=\"https:\/\/www.pacificadvent.com\/wp-content\/uploads\/Eduardo-Estrada-Coiba-Underwater-02-1024x683.jpg\" alt=\"Female turtles lay their eggs at the same beach on which they were born\" class=\"wp-image-21266 size-full\" srcset=\"https:\/\/www.pacificadvent.com\/wp-content\/uploads\/Eduardo-Estrada-Coiba-Underwater-02-1024x683.jpg 1024w, https:\/\/www.pacificadvent.com\/wp-content\/uploads\/Eduardo-Estrada-Coiba-Underwater-02-300x200.jpg 300w, https:\/\/www.pacificadvent.com\/wp-content\/uploads\/Eduardo-Estrada-Coiba-Underwater-02-150x100.jpg 150w, https:\/\/www.pacificadvent.com\/wp-content\/uploads\/Eduardo-Estrada-Coiba-Underwater-02-768x512.jpg 768w, https:\/\/www.pacificadvent.com\/wp-content\/uploads\/Eduardo-Estrada-Coiba-Underwater-02-1536x1024.jpg 1536w, https:\/\/www.pacificadvent.com\/wp-content\/uploads\/Eduardo-Estrada-Coiba-Underwater-02-2048x1365.jpg 2048w, https:\/\/www.pacificadvent.com\/wp-content\/uploads\/Eduardo-Estrada-Coiba-Underwater-02-1500x1000.jpg 1500w, https:\/\/www.pacificadvent.com\/wp-content\/uploads\/Eduardo-Estrada-Coiba-Underwater-02-66x45.jpg 66w, https:\/\/www.pacificadvent.com\/wp-content\/uploads\/Eduardo-Estrada-Coiba-Underwater-02-scaled.jpg 1300w\" sizes=\"(max-width: 1024px) 100vw, 1024px\" \/><\/figure><div class=\"wp-block-media-text__content\">\n<p>La matanza de animales silvestres protegidos y la explotaci\u00f3n il\u00edcita de plantas y de bosques son delitos que tienen un impacto&nbsp;devastador en el medio ambiente, en los medios de vida locales y en la biodiversidad. Pi\u00e9nsalo dos veces antes de comprar o&nbsp;consumir algo fabricado con un \u00e1rbol, una planta o un animal ex\u00f3tico porque puedes estar contribuyendo a su extinci\u00f3n o&nbsp;explotaci\u00f3n. Antes de viajar, inf\u00f3rmate de aquellos platos locales ex\u00f3ticos que puedan contener productos il\u00edcitos. No olvides que&nbsp;muchos pa\u00edses, quiz\u00e1s tambi\u00e9n el tuyo, imponen sanciones a quienes se descubre traficando con animales silvestres protegidos,&nbsp;plantas ex\u00f3ticas o productos de madera de especies amenazadas.<\/p>\n<\/div><\/div>\n\n\n\n<h2 class=\"wp-block-heading\">C\u00f3digo De \u00c9tica<\/h2>\n\n\n\n<p>Con el fin de cumplir una operaci\u00f3n sostenible hemos definido las siguientes directrices:<\/p>\n\n\n\n<ul class=\"wp-block-list\"><li>La mayor\u00eda de nuestros colaboradores son residentes de la comunidad donde se encuentran nuestras oficinas.<\/li><li>Todos nuestros colaboradores tienen un salario muy por encima del salario m\u00ednimo establecido por la ley nacional de Panam\u00e1.<\/li><li>En la medida de lo posible realizamos alianzas estrat\u00e9gicas con empresas locales, fortaleciendo la C\u00e1mara de Turismo de Veraguas y otros gr\u00e9mios a los que pertenecemos.<\/li><li>Todas nuestras actividades y operaciones, rechazan cualquier clase de explotaci\u00f3n sexual y laboral de ni\u00f1os.<\/li><li>Rechazamos la discriminaci\u00f3n de raza o g\u00e9nero.<\/li><li>Nuestros colaboradores,&nbsp; no promueven establecimientos donde los menores est\u00e9n expuestos directa o indirectamente al comercio sexual.<\/li><li>Comunicaremos oportunamente a la polic\u00eda local y\/o autoridades competentes, los casos de comercio sexual con menores que se perciban o detecten y a los proveedores que desarrollen pr\u00e1cticas relacionadas con este aspecto.<\/li><li>Comercializamos nuestros productos sin publicidad enga\u00f1osa y sin involucrar pr\u00e1cticas indebidas con ni\u00f1os o adolescentes.<\/li><li>Concientizamos y divulgamos al p\u00fablico, que la explotaci\u00f3n sexual de menores es un delito.<\/li><li>Condenamos todas las formas de explotaci\u00f3n sexual con ni\u00f1os y apoyamos todas las acciones legales para prevenir y castigar estos delitos.<\/li><li>Solicitamos a los clientes, proveedores, socios y a otras agencias que rechacen la participaci\u00f3n en la explotaci\u00f3n sexual de menores y que informen sobre todos los casos de explotaci\u00f3n sexual de ni\u00f1os de los que tengan conocimiento.<\/li><\/ul>\n\n\n\n<h2 class=\"wp-block-heading\">Pol\u00edtica de Sostenibilidad<\/h2>\n\n\n\n<p>Nos caracterizamos por prestar un&nbsp; excelente servicio personalizado de acuerdo con los requerimientos espec\u00edficos de cada cliente.<\/p>\n\n\n\n<p>Actuamos siempre responsablemente por la seguridad y salud de nuestros colaboradores y clientes, promoviendo el cuidado de los recursos naturales y culturales, alentando a todos los grupos de inter\u00e9s para que apoyen y comercialicen los productos locales.<\/p>\n\n\n\n<h3 class=\"wp-block-heading\">Objetivos de Sostenibilidad:<\/h3>\n\n\n\n<ul class=\"wp-block-list\"><li>Cumplir con la pol\u00edtica de calidad y servicio al cliente<\/li><li>Seguir con nuestra pol\u00edtica de Seguridad y Salud en el trabajo<\/li><li>Respetar nuestra <a href=\"https:\/\/www.pacificadvent.com\/es\/panama-pesca-deportiva-sostenible\/\">Pol\u00edtica de Pesca Deportiva Sostenible<\/a><\/li><li>Divulgar a nuestros grupos de inter\u00e9s las buenas pr\u00e1cticas de sostenibilidad<\/li><li>Promover la compra de productos fabricados en el pa\u00eds<\/li><li>Cumplir con toda la legislaci\u00f3n paname\u00f1a aplicable.<\/li><\/ul>\n\n\n\n<h3 class=\"wp-block-heading\">Desarrollamos los programas de:<\/h3>\n\n\n\n<ul class=\"wp-block-list\"><li>Apoyo a las comunidades locales.<\/li><li>Contrataci\u00f3n de proveedores locales y nacionales.<\/li><li>Contra el tr\u00e1fico il\u00edcito de flora y fauna, y bienes culturales.<\/li><li>Promoci\u00f3n del patrimonio cultural y natural.<\/li><\/ul>\n\n\n\n<h3 class=\"wp-block-heading\">Comportamientos Responsables con los Destinos<\/h3>\n\n\n\n<p>La trata de personas es un delito atroz impulsado por la demanda. Cuando visites un pa\u00eds extranjero, no caigas en la trampa de fomentar la trata. Si crees que alguien est\u00e1 siendo forzado a trabajar contra su voluntad o que est\u00e1 siendo maltratado, o si simplemente ves algo que crees que no est\u00e1 bien en un bar, un hotel o un restaurante, informa de ello. Tus acciones pueden ser esenciales para evitar la explotaci\u00f3n sexual y el trabajo forzoso. Los ni\u00f1os son especialmente vulnerables: No dejes que el abuso de menores viaje.<\/p>\n\n\n\n<h2 class=\"wp-block-heading\"><strong>Patrimonios Culturales<\/strong><\/h2>\n\n\n\n<p>El patrimonio cultural es un elemento de cohesi\u00f3n social constitutivo de las identidades y la construcci\u00f3n de los espacios desde su historia, a partir del sentido y del significado social. La valoraci\u00f3n y apropiaci\u00f3n del patrimonio cultural forma parte de la construcci\u00f3n de grupos sociales y su difusi\u00f3n hace parte del relato de nuestros destinos.<\/p>\n\n\n\n<ul class=\"wp-block-list\"><li>Colaboramos activamente con los turistas y visitantes para que conozcan el patrimonio cultural y monumental de la regi\u00f3n.<\/li><li>Incorporamos en nuestra oferta la difusi\u00f3n responsable del patrimonio cultural inmaterial: m\u00fasica, danza, historia oral y saberes tradicionales.<\/li><li>Informamos a los turistas y visitantes sobre la capacidad de carga o aforo de los lugares visitados.<\/li><li>Nuestros colaboradores conocen los planes de Manejo y Protecci\u00f3n de las \u00e1reas protegidas que visitamos.<\/li><\/ul>\n\n\n\n<p>Los objetos culturales, como las tallas tradicionales, la cer\u00e1mica y las antig\u00fcedades, son atractivos como regalo, pero aseg\u00farate&nbsp;de no comprar, sin saberlo, bienes robados, extra\u00eddos de manera il\u00edcita u obtenidos de saqueos. Todos los d\u00edas, innumerables&nbsp;sitios y monumentos en el planeta son v\u00edctimas de pillajes que despojan a los pueblos de su pasado. Redes de delincuencia&nbsp;organizada espec\u00edficas transportan y venden estos bienes. El impacto de estos actos puede ser irreversible y arrebatar a pa\u00edses&nbsp;y ciudadanos su patrimonio y su identidad cultural.&nbsp;Aseg\u00farate de que los souvenirs que te llevas a casa tengan un historial documentado y legal, que no sean objetos robados y&nbsp;que tengan permiso de exportaci\u00f3n. Pregunta por el origen de lo que est\u00e1s comprando y piensa siempre en la riqueza de la&nbsp;historia y el patrimonio de tu propio pa\u00eds y en c\u00f3mo te sentir\u00edas si te lo arrebataran.<\/p>\n\n\n\n<h2 class=\"wp-block-heading\"><strong>Drogas Il\u00edcitas<\/strong><\/h2>\n\n\n\n<p>El tr\u00e1fico de drogas no es un riesgo que merezca la pena correr; es ilegal y si te atrapan, acabar\u00e1s en la c\u00e1rcel con graves&nbsp;consecuencias.&nbsp;Algunas bandas utilizan a los viajeros como cebo para llamar la atenci\u00f3n de las autoridades y distraerlas mientras pasan&nbsp;cantidades mucho mayores. Por otro lado, no lleves paquetes ni art\u00edculos de ninguna otra persona, ya que el desconocimiento no&nbsp;te eximir\u00e1 de cumplir la ley.<\/p>\n\n\n\n<h2 class=\"wp-block-heading\"><strong>Falsificaciones<\/strong><\/h2>\n\n\n\n<p>Pueden parecer una ganga, pero la mayor parte de los productos falsificados no se fabrican de manera \u00e9tica, pueden contribuir&nbsp;a perpetuar el trabajo forzoso y unas condiciones laborales lamentables adem\u00e1s de tener un elevado impacto ambiental. Tal vez&nbsp;piensas que est\u00e1s ayudando a un peque\u00f1o mercado o a un vendedor callejero, pero detr\u00e1s hay a menudo intereses criminales,&nbsp;que incluso coaccionan o explotan a los vendedores. Y lo que es peor, tu dinero puede acabar financiando a grupos de&nbsp;delincuencia organizada que diversifican sus negocios de blanqueo de dinero y tr\u00e1fico de drogas mediante la venta de&nbsp;productos falsificados. Evita poner tu dinero en manos de la delincuencia organizada y compra con criterios \u00e9ticos cuando te&nbsp;encuentras en el extranjero.<\/p>\n","protected":false},"excerpt":{"rendered":"<p>Para Pacifc Adventure Tours es de suma importancia diferenciarse en el mercado por brindar un servicio de calidad, as\u00ed como por su compromiso con el ambiente operando bajo un modelo de sostenibilidad, por lo que ha dise\u00f1ado las siguientes pol\u00edticas y medidas para una gesti\u00f3n amigable con el ambiente y de promoci\u00f3n del turismo sostenible. [&hellip;]<\/p>\n","protected":false},"author":1,"featured_media":6803,"parent":0,"menu_order":0,"comment_status":"closed","ping_status":"closed","template":"","meta":{"_monsterinsights_skip_tracking":false,"_monsterinsights_sitenote_active":false,"_monsterinsights_sitenote_note":"","_monsterinsights_sitenote_category":0,"_uf_show_specific_survey":0,"_uf_disable_surveys":false,"footnotes":""},"categories":[143],"tags":[],"class_list":["post-7991","page","type-page","status-publish","has-post-thumbnail","hentry","category-cultura"],"aioseo_notices":[],"_links":{"self":[{"href":"https:\/\/www.pacificadvent.com\/es\/wp-json\/wp\/v2\/pages\/7991","targetHints":{"allow":["GET"]}}],"collection":[{"href":"https:\/\/www.pacificadvent.com\/es\/wp-json\/wp\/v2\/pages"}],"about":[{"href":"https:\/\/www.pacificadvent.com\/es\/wp-json\/wp\/v2\/types\/page"}],"author":[{"embeddable":true,"href":"https:\/\/www.pacificadvent.com\/es\/wp-json\/wp\/v2\/users\/1"}],"replies":[{"embeddable":true,"href":"https:\/\/www.pacificadvent.com\/es\/wp-json\/wp\/v2\/comments?post=7991"}],"version-history":[{"count":0,"href":"https:\/\/www.pacificadvent.com\/es\/wp-json\/wp\/v2\/pages\/7991\/revisions"}],"wp:featuredmedia":[{"embeddable":true,"href":"https:\/\/www.pacificadvent.com\/es\/wp-json\/wp\/v2\/media\/6803"}],"wp:attachment":[{"href":"https:\/\/www.pacificadvent.com\/es\/wp-json\/wp\/v2\/media?parent=7991"}],"wp:term":[{"taxonomy":"category","embeddable":true,"href":"https:\/\/www.pacificadvent.com\/es\/wp-json\/wp\/v2\/categories?post=7991"},{"taxonomy":"post_tag","embeddable":true,"href":"https:\/\/www.pacificadvent.com\/es\/wp-json\/wp\/v2\/tags?post=7991"}],"curies":[{"name":"wp","href":"https:\/\/api.w.org\/{rel}","templated":true}]}}