{"id":8018,"date":"2017-11-17T15:23:23","date_gmt":"2017-11-17T20:23:23","guid":{"rendered":"http:\/\/www.pacificadvent.com\/?page_id=8018"},"modified":"2021-10-23T09:45:26","modified_gmt":"2021-10-23T14:45:26","slug":"panama-pesca-deportiva-sostenible","status":"publish","type":"page","link":"https:\/\/www.pacificadvent.com\/es\/panama-pesca-deportiva-sostenible\/","title":{"rendered":"Pesca Deportiva Sostenible"},"content":{"rendered":"\n<p>Nos enorgullecemos de tener un equipo apasionado por la pesca deportiva sostenible en Panam\u00e1, participamos activamente en la conservaci\u00f3n de nuestro medio ambiente, tanto en el agua como en tierra firme. Nuestra pol\u00edtica es liberar la mayor\u00eda de nuestras capturas y todas las especies que se encuentran en peligro de extinci\u00f3n.<\/p>\n\n\n\n<h2 class=\"wp-block-heading\">D\u00e9jenlos Vivir para Pelear otro D\u00eda<\/h2>\n\n\n\n<p>Panam\u00e1 significa &#8220;Abundacia de Peces&#8221;, y queremos que siga siendo as\u00ed. El valor de un pez en el agua en comparaci\u00f3n con un pescado en el plato es tambi\u00e9n un elemento importante de la pesca deportiva.<\/p>\n\n\n\n<p>Cuando los pescadores alquilan un bote, conlleva que tenemos que contratar al capit\u00e1n local, debemos comprar combustible, van a comprar comida en los restaurantes, van a alquilar un autom\u00f3vil o comprar algunas cosas en las tiendas locales. Es m\u00e1s que probable que usen algunos de los alojamientos cercanos porque no van a dormir en el barco, por lo que proporcionar\u00e1n una inyecci\u00f3n de capital a la econom\u00eda.<\/p>\n\n\n\n<p>Esa es una de las razones principales por las que los pescadores siempre han estado a la vanguardia de los esfuerzos de conservaci\u00f3n: m\u00e1s all\u00e1 de la clara comprensi\u00f3n de que la conservaci\u00f3n es vital para la salud del recurso, tambi\u00e9n es bueno para nuestras experiencias de pesca.<\/p>\n\n\n\n<p>Nos tomamos en serio nuestra responsabilidad de difundir las ventajas de la pesca deportiva sostenible a la comunidad local, y estamos muy abiertos a ayudar a los pescadores ya sea nuevos en el deporte o con alguna experiencia. Nuestra misi\u00f3n es capacitar a las personas locales para desarrollar, cultivar y gestionar empresas de pesca deportiva de manera sostenible.<\/p>\n\n\n\n<p>&#8220;Capturar y Liberar&#8221; (Catch &amp; Release), vale la pena decirlo mil veces; si los devuelves al agua, les das la oportunidad de vivir, aparearse y reproducir m\u00e1s peces para atraparlos.<\/p>\n\n\n\n<p>Nos aseguramos de que el equipo de pesca que utilicen, corresponda adecuadamente con su especie objetivo para ayudar a aumentar las tasas de supervivencia.<\/p>\n\n\n\n<p>Con pr\u00e1cticas sostenibles, esto seguir\u00e1 siendo un para\u00edso de pesca durante mucho tiempo.<\/p>\n\n\n\n<h2 class=\"wp-block-heading\">Mantenga la basura fuera del agua<\/h2>\n\n\n\n<p>El problema es que la basura y las desechos en el agua, tales como los aparejos de pesca abandonados, las redes, los filtros de cigarrillos y las bolsas de las tiendas de comestibles, pueden confundirse con alimentos de peces, mam\u00edferos y aves. Si se envuelve alrededor o se consume, puede provocar, a los peces, asfixia, inanici\u00f3n, c\u00e1ncer y una serie de otros problemas.<\/p>\n\n\n\n<p>\u00bfCu\u00e1ntas veces hemos visto montones de redes de pesca enredadas descuidadamente descartadas en lugares de pesca populares?<\/p>\n\n\n\n<p>Yendo m\u00e1s lejos, si realmente quiere ayudar a preservar la pesca y proteger el medioambiente, recoja la basura que vea, incluso si no es suya. Lo har\u00e1s por el deporte de la pesca y nuestro medio ambiente.<\/p>\n\n\n\n<h2 class=\"wp-block-heading\">Nuestro Compromiso por la Conservaci\u00f3n<\/h2>\n\n\n\n<p>Estamos convencidos de que el mantenimiento regular de nuestros botes, contribuir\u00e1 en gran medida a ayudar a la causa, adem\u00e1s de garantizar viajes m\u00e1s seguros.<\/p>\n\n\n\n<p>El objetivo del desarrollo sostenible, del turismo de pesca deportiva en el \u00e1rea del Golfo de Montijo es mejorar la calidad de vida de las comunidades locales, preservar los recursos naturales y aprovechar los beneficios econ\u00f3micos y el patrimonio sociocultural.<\/p>\n\n\n\n<p>Todos somos responsables de la conservaci\u00f3n de nuestra vida silvestre y el medio ambiente. Como pescadores y entusiastas de actividades al aire libre, podemos hacer peque\u00f1as cosas individualmente que pueden tener consecuencias positivas a largo plazo.<\/p>\n","protected":false},"excerpt":{"rendered":"<p>Nos enorgullecemos de tener un equipo apasionado por la pesca deportiva sostenible en Panam\u00e1, participamos activamente en la conservaci\u00f3n de nuestro medio ambiente, tanto en el agua como en tierra firme. Nuestra pol\u00edtica es liberar la mayor\u00eda de nuestras capturas y todas las especies que se encuentran en peligro de extinci\u00f3n. D\u00e9jenlos Vivir para Pelear [&hellip;]<\/p>\n","protected":false},"author":1,"featured_media":7033,"parent":0,"menu_order":0,"comment_status":"closed","ping_status":"closed","template":"","meta":{"_monsterinsights_skip_tracking":false,"_monsterinsights_sitenote_active":false,"_monsterinsights_sitenote_note":"","_monsterinsights_sitenote_category":0,"_uf_show_specific_survey":0,"_uf_disable_surveys":false,"footnotes":""},"categories":[159,158,156,145],"tags":[563,579,561,568,571,562,565,566,570,580,575],"class_list":["post-8018","page","type-page","status-publish","has-post-thumbnail","hentry","category-paseos-en-bote","category-pesca-deportiva","category-turismo-panama","category-turismo-veraguas","tag-golfo-de-montijo","tag-isla-cebaco","tag-isla-coiba","tag-pedasi-es","tag-pesca-deportiva-en-panama","tag-pesca-en-panama","tag-pesca-inshore-panama","tag-pesca-offshore-en-panama","tag-pesca-riverena-panama","tag-santa-catalina","tag-turismo-en-panama"],"aioseo_notices":[],"_links":{"self":[{"href":"https:\/\/www.pacificadvent.com\/es\/wp-json\/wp\/v2\/pages\/8018","targetHints":{"allow":["GET"]}}],"collection":[{"href":"https:\/\/www.pacificadvent.com\/es\/wp-json\/wp\/v2\/pages"}],"about":[{"href":"https:\/\/www.pacificadvent.com\/es\/wp-json\/wp\/v2\/types\/page"}],"author":[{"embeddable":true,"href":"https:\/\/www.pacificadvent.com\/es\/wp-json\/wp\/v2\/users\/1"}],"replies":[{"embeddable":true,"href":"https:\/\/www.pacificadvent.com\/es\/wp-json\/wp\/v2\/comments?post=8018"}],"version-history":[{"count":0,"href":"https:\/\/www.pacificadvent.com\/es\/wp-json\/wp\/v2\/pages\/8018\/revisions"}],"wp:featuredmedia":[{"embeddable":true,"href":"https:\/\/www.pacificadvent.com\/es\/wp-json\/wp\/v2\/media\/7033"}],"wp:attachment":[{"href":"https:\/\/www.pacificadvent.com\/es\/wp-json\/wp\/v2\/media?parent=8018"}],"wp:term":[{"taxonomy":"category","embeddable":true,"href":"https:\/\/www.pacificadvent.com\/es\/wp-json\/wp\/v2\/categories?post=8018"},{"taxonomy":"post_tag","embeddable":true,"href":"https:\/\/www.pacificadvent.com\/es\/wp-json\/wp\/v2\/tags?post=8018"}],"curies":[{"name":"wp","href":"https:\/\/api.w.org\/{rel}","templated":true}]}}