{"id":8188,"date":"2018-05-16T11:18:18","date_gmt":"2018-05-16T16:18:18","guid":{"rendered":"http:\/\/www.pacificadvent.com\/?page_id=8188"},"modified":"2021-01-17T10:39:56","modified_gmt":"2021-01-17T15:39:56","slug":"alquiler-autos-en-panama-agentcars","status":"publish","type":"page","link":"https:\/\/www.pacificadvent.com\/es\/alquiler-autos-en-panama-agentcars\/","title":{"rendered":"Alquiler de Autos en Panam\u00e1"},"content":{"rendered":"\n<p>El transporte privado o ch\u00e1rter es costoso en Panam\u00e1, es mejor si viaja con su familia o grupo de amigos, que alquile un auto y tenga la libertad de ir donde guste, Panam\u00e1 es muy peque\u00f1o y seguro, te recomendamos uses  servicios como Waze o Google Maps para llegar a donde necesites.<\/p>\n\n\n\n<p>Para comodidad de nuestros clientes, hemos creado esta facilidad, donde podr\u00e1n comparar precios y beneficios de todas las arrendadoras en un solo lugar.<\/p>\n\n\n\n<p>Si requiere alquilar un auto reserve ya!!! Con nuestros sistema en l\u00ednea de AgentCars.<\/p>\n","protected":false},"excerpt":{"rendered":"<p>El transporte privado o ch\u00e1rter es costoso en Panam\u00e1, es mejor si viaja con su familia o grupo de amigos, que alquile un auto y tenga la libertad de ir donde guste, Panam\u00e1 es muy peque\u00f1o y seguro, te recomendamos uses servicios como Waze o Google Maps para llegar a donde necesites. Para comodidad de [&hellip;]<\/p>\n","protected":false},"author":1,"featured_media":8186,"parent":0,"menu_order":0,"comment_status":"closed","ping_status":"closed","template":"","meta":{"_monsterinsights_skip_tracking":false,"_monsterinsights_sitenote_active":false,"_monsterinsights_sitenote_note":"","_monsterinsights_sitenote_category":0,"_uf_show_specific_survey":0,"_uf_disable_surveys":false,"footnotes":""},"categories":[156],"tags":[],"class_list":["post-8188","page","type-page","status-publish","has-post-thumbnail","hentry","category-turismo-panama"],"aioseo_notices":[],"_links":{"self":[{"href":"https:\/\/www.pacificadvent.com\/es\/wp-json\/wp\/v2\/pages\/8188","targetHints":{"allow":["GET"]}}],"collection":[{"href":"https:\/\/www.pacificadvent.com\/es\/wp-json\/wp\/v2\/pages"}],"about":[{"href":"https:\/\/www.pacificadvent.com\/es\/wp-json\/wp\/v2\/types\/page"}],"author":[{"embeddable":true,"href":"https:\/\/www.pacificadvent.com\/es\/wp-json\/wp\/v2\/users\/1"}],"replies":[{"embeddable":true,"href":"https:\/\/www.pacificadvent.com\/es\/wp-json\/wp\/v2\/comments?post=8188"}],"version-history":[{"count":0,"href":"https:\/\/www.pacificadvent.com\/es\/wp-json\/wp\/v2\/pages\/8188\/revisions"}],"wp:featuredmedia":[{"embeddable":true,"href":"https:\/\/www.pacificadvent.com\/es\/wp-json\/wp\/v2\/media\/8186"}],"wp:attachment":[{"href":"https:\/\/www.pacificadvent.com\/es\/wp-json\/wp\/v2\/media?parent=8188"}],"wp:term":[{"taxonomy":"category","embeddable":true,"href":"https:\/\/www.pacificadvent.com\/es\/wp-json\/wp\/v2\/categories?post=8188"},{"taxonomy":"post_tag","embeddable":true,"href":"https:\/\/www.pacificadvent.com\/es\/wp-json\/wp\/v2\/tags?post=8188"}],"curies":[{"name":"wp","href":"https:\/\/api.w.org\/{rel}","templated":true}]}}